{"id":71841,"date":"2020-07-15T14:30:17","date_gmt":"2020-07-15T14:30:17","guid":{"rendered":"http:\/\/www.martech.qc.ca\/index.php\/produit\/cov-25\/"},"modified":"2020-07-15T14:33:28","modified_gmt":"2020-07-15T14:33:28","slug":"cov-25","status":"publish","type":"product","link":"https:\/\/www.martech.qc.ca\/index\/produit\/cov-25\/","title":{"rendered":"COV-25"},"content":{"rendered":"<p>Panneau pr\u00e9sentant les mesures \u00e0 prendre pour se prot\u00e9ger de la transmission du coronavirus.<\/p>\n<p>Enseigne peut \u00eatre fabriqu\u00e9 sur divers mat\u00e9riaux (aluminium, plastique, coroplast, autocollants, etc.) et produit de nombreuses dimensions.<\/p>\n<p>Signalisation concernant la crise sanitaire et pr\u00e9vention de pand\u00e9mie COVID-19. Port du Masque Obligatoire.<\/p>\n","protected":false},"excerpt":{"rendered":"<p>Panneau pr\u00e9sentant les mesures \u00e0 prendre pour se prot\u00e9ger de la transmission du coronavirus.<\/p>\n<p>Enseigne peut \u00eatre fabriqu\u00e9 sur divers mat\u00e9riaux (aluminium, plastique, coroplast, autocollants, etc.) et produit de nombreuses dimensions.<\/p>\n<p>Signalisation concernant la crise sanitaire et pr\u00e9vention de pand\u00e9mie COVID-19. Port du Masque Obligatoire.<\/p>\n<p><a href=\"http:\/\/www.martech.qc.ca\/index.php\/contact\/\" rel=\"attachment wp-att-66946\"><img loading=\"lazy\" decoding=\"async\" class=\"alignnone wp-image-66946 size-full\" src=\"http:\/\/www.martech.qc.ca\/wp-content\/uploads\/2016\/02\/CONTACT_C.jpg\" alt=\"Contactez-nous pour une soumission gratuite!\" width=\"560\" height=\"74\" srcset=\"https:\/\/www.martech.qc.ca\/index\/wp-content\/uploads\/2016\/02\/CONTACT_C.jpg 560w, https:\/\/www.martech.qc.ca\/index\/wp-content\/uploads\/2016\/02\/CONTACT_C-300x40.jpg 300w\" sizes=\"(max-width: 560px) 100vw, 560px\" \/><\/a><\/p>\n","protected":false},"featured_media":71842,"comment_status":"closed","ping_status":"closed","template":"","meta":{"_acf_changed":false},"product_cat":[32,62],"product_tag":[75],"acf":[],"_links":{"self":[{"href":"https:\/\/www.martech.qc.ca\/index\/wp-json\/wp\/v2\/product\/71841"}],"collection":[{"href":"https:\/\/www.martech.qc.ca\/index\/wp-json\/wp\/v2\/product"}],"about":[{"href":"https:\/\/www.martech.qc.ca\/index\/wp-json\/wp\/v2\/types\/product"}],"replies":[{"embeddable":true,"href":"https:\/\/www.martech.qc.ca\/index\/wp-json\/wp\/v2\/comments?post=71841"}],"wp:featuredmedia":[{"embeddable":true,"href":"https:\/\/www.martech.qc.ca\/index\/wp-json\/wp\/v2\/media\/71842"}],"wp:attachment":[{"href":"https:\/\/www.martech.qc.ca\/index\/wp-json\/wp\/v2\/media?parent=71841"}],"wp:term":[{"taxonomy":"product_cat","embeddable":true,"href":"https:\/\/www.martech.qc.ca\/index\/wp-json\/wp\/v2\/product_cat?post=71841"},{"taxonomy":"product_tag","embeddable":true,"href":"https:\/\/www.martech.qc.ca\/index\/wp-json\/wp\/v2\/product_tag?post=71841"}],"curies":[{"name":"wp","href":"https:\/\/api.w.org\/{rel}","templated":true}]}}