{"id":71717,"date":"2019-10-30T17:45:04","date_gmt":"2019-10-30T17:45:04","guid":{"rendered":"http:\/\/www.martech.qc.ca\/index.php\/produit\/p-270-33-d\/"},"modified":"2019-10-30T17:47:20","modified_gmt":"2019-10-30T17:47:20","slug":"p-270-33-d","status":"publish","type":"product","link":"https:\/\/www.martech.qc.ca\/index\/produit\/p-270-33-d\/","title":{"rendered":"P-270-33-D"},"content":{"rendered":"<p>Le panneau \u00ab Passage pour pi\u00e9tons sur un dos d\u2019\u00e2ne allong\u00e9 \u00bb (P-270-33-D) indique un passage pour pi\u00e9tons lorsque le passage pour pi\u00e9tons est situ\u00e9 sur un dos d\u2019\u00e2ne allong\u00e9 ou un carrefour sur\u00e9lev\u00e9. La fl\u00e8che sur ce panneau doit pointer vers la chauss\u00e9e et la silhouette doit \u00eatre orient\u00e9e vers la chauss\u00e9e.<\/p>\n","protected":false},"excerpt":{"rendered":"<div class=\"desc_libelle\">Le panneau \u00ab Passage pour pi\u00e9tons sur un dos d\u2019\u00e2ne allong\u00e9 \u00bb (P-270-33-D) indique un passage pour pi\u00e9tons lorsque le passage pour pi\u00e9tons est situ\u00e9 sur un dos d\u2019\u00e2ne allong\u00e9 ou un carrefour sur\u00e9lev\u00e9. La fl\u00e8che sur ce panneau doit pointer vers la chauss\u00e9e et la silhouette doit \u00eatre orient\u00e9e vers la chauss\u00e9e.<\/div>\n<div class=\"desc_libelle\"><a href=\"http:\/\/www.martech.qc.ca\/index.php\/contact\/\" rel=\"attachment wp-att-66946\"><img loading=\"lazy\" decoding=\"async\" class=\"alignnone wp-image-66946 size-full\" src=\"http:\/\/www.martech.qc.ca\/wp-content\/uploads\/2016\/02\/CONTACT_C.jpg\" alt=\"Contactez-nous pour une soumission gratuite!\" width=\"560\" height=\"74\" srcset=\"https:\/\/www.martech.qc.ca\/index\/wp-content\/uploads\/2016\/02\/CONTACT_C.jpg 560w, https:\/\/www.martech.qc.ca\/index\/wp-content\/uploads\/2016\/02\/CONTACT_C-300x40.jpg 300w\" sizes=\"(max-width: 560px) 100vw, 560px\" \/><\/a><\/div>\n","protected":false},"featured_media":71718,"comment_status":"closed","ping_status":"closed","template":"","meta":{"_acf_changed":false},"product_cat":[32],"product_tag":[],"acf":[],"_links":{"self":[{"href":"https:\/\/www.martech.qc.ca\/index\/wp-json\/wp\/v2\/product\/71717"}],"collection":[{"href":"https:\/\/www.martech.qc.ca\/index\/wp-json\/wp\/v2\/product"}],"about":[{"href":"https:\/\/www.martech.qc.ca\/index\/wp-json\/wp\/v2\/types\/product"}],"replies":[{"embeddable":true,"href":"https:\/\/www.martech.qc.ca\/index\/wp-json\/wp\/v2\/comments?post=71717"}],"wp:featuredmedia":[{"embeddable":true,"href":"https:\/\/www.martech.qc.ca\/index\/wp-json\/wp\/v2\/media\/71718"}],"wp:attachment":[{"href":"https:\/\/www.martech.qc.ca\/index\/wp-json\/wp\/v2\/media?parent=71717"}],"wp:term":[{"taxonomy":"product_cat","embeddable":true,"href":"https:\/\/www.martech.qc.ca\/index\/wp-json\/wp\/v2\/product_cat?post=71717"},{"taxonomy":"product_tag","embeddable":true,"href":"https:\/\/www.martech.qc.ca\/index\/wp-json\/wp\/v2\/product_tag?post=71717"}],"curies":[{"name":"wp","href":"https:\/\/api.w.org\/{rel}","templated":true}]}}