{"id":71697,"date":"2019-07-31T14:44:05","date_gmt":"2019-07-31T14:44:05","guid":{"rendered":"http:\/\/www.martech.qc.ca\/index.php\/produit\/p-150-12-stationnement-vehicules-electriques-en-recharge\/"},"modified":"2020-11-10T13:06:37","modified_gmt":"2020-11-10T13:06:37","slug":"p-150-12-stationnement-vehicules-electriques-en-recharge","status":"publish","type":"product","link":"https:\/\/www.martech.qc.ca\/index\/produit\/p-150-12-stationnement-vehicules-electriques-en-recharge\/","title":{"rendered":"P-150-12"},"content":{"rendered":"<div class=\"desc_libelle\"><strong><span id=\"ctl00_cphContenu_FicheDetails_lblDescription\">Description<\/span><\/strong><\/div>\n<div class=\"desc_libelle\">Le panneau \u00ab Espace de stationnement r\u00e9serv\u00e9 aux v\u00e9hicules \u00e9lectriques \u00bb<br \/>\n(P-150-12) indique les zones o\u00f9 le stationnement public est autoris\u00e9 uniquement pour les v\u00e9hicules \u00e9lectriques. Panneau normalis\u00e9 de borne de recharge.<\/div>\n","protected":false},"excerpt":{"rendered":"<div class=\"desc_libelle\"><strong><span id=\"ctl00_cphContenu_FicheDetails_lblDescription\">Description<\/span><\/strong><\/div>\n<div class=\"desc_libelle\">Le panneau \u00ab Espace de stationnement r\u00e9serv\u00e9 aux v\u00e9hicules \u00e9lectriques \u00bb<br \/>\n(P-150-12) indique les zones o\u00f9 le stationnement public est autoris\u00e9 uniquement pour les v\u00e9hicules \u00e9lectriques en recharge \u00e0 une borne de recharge d\u00e9sign\u00e9e.<\/div>\n<p><a href=\"http:\/\/www.martech.qc.ca\/index.php\/contact\/\" rel=\"attachment wp-att-66946\"><img loading=\"lazy\" decoding=\"async\" class=\"alignnone wp-image-66946 size-full\" src=\"http:\/\/www.martech.qc.ca\/wp-content\/uploads\/2016\/02\/CONTACT_C.jpg\" alt=\"Contactez-nous pour une soumission gratuite!\" width=\"560\" height=\"74\" srcset=\"https:\/\/www.martech.qc.ca\/index\/wp-content\/uploads\/2016\/02\/CONTACT_C.jpg 560w, https:\/\/www.martech.qc.ca\/index\/wp-content\/uploads\/2016\/02\/CONTACT_C-300x40.jpg 300w\" sizes=\"(max-width: 560px) 100vw, 560px\" \/><\/a><\/p>\n","protected":false},"featured_media":71698,"comment_status":"closed","ping_status":"closed","template":"","meta":{"_acf_changed":false},"product_cat":[32],"product_tag":[],"acf":[],"_links":{"self":[{"href":"https:\/\/www.martech.qc.ca\/index\/wp-json\/wp\/v2\/product\/71697"}],"collection":[{"href":"https:\/\/www.martech.qc.ca\/index\/wp-json\/wp\/v2\/product"}],"about":[{"href":"https:\/\/www.martech.qc.ca\/index\/wp-json\/wp\/v2\/types\/product"}],"replies":[{"embeddable":true,"href":"https:\/\/www.martech.qc.ca\/index\/wp-json\/wp\/v2\/comments?post=71697"}],"wp:featuredmedia":[{"embeddable":true,"href":"https:\/\/www.martech.qc.ca\/index\/wp-json\/wp\/v2\/media\/71698"}],"wp:attachment":[{"href":"https:\/\/www.martech.qc.ca\/index\/wp-json\/wp\/v2\/media?parent=71697"}],"wp:term":[{"taxonomy":"product_cat","embeddable":true,"href":"https:\/\/www.martech.qc.ca\/index\/wp-json\/wp\/v2\/product_cat?post=71697"},{"taxonomy":"product_tag","embeddable":true,"href":"https:\/\/www.martech.qc.ca\/index\/wp-json\/wp\/v2\/product_tag?post=71697"}],"curies":[{"name":"wp","href":"https:\/\/api.w.org\/{rel}","templated":true}]}}