{"id":71654,"date":"2019-04-25T20:02:28","date_gmt":"2019-04-25T20:02:28","guid":{"rendered":"http:\/\/www.martech.qc.ca\/index.php\/produit\/pfp13-rib-bak-l6x-1\/"},"modified":"2019-04-25T20:22:34","modified_gmt":"2019-04-25T20:22:34","slug":"pfp13-rib-bak-l6x-1","status":"publish","type":"product","link":"https:\/\/www.martech.qc.ca\/index\/produit\/pfp13-rib-bak-l6x-1\/","title":{"rendered":"PFP13 \u00ab RIB-BAK \u00bb L6X-1"},"content":{"rendered":"<p><strong>Le poteau standard de calibre sup\u00e9rieur pour enseignes routi\u00e8res.<\/strong><\/p>\n<p>Le PFP13 \u00ab RIB-BAK \u00bb, un poteau fait d&rsquo;acier form\u00e9 \u00e0 chaud en fonderie est un syst\u00e8me de signalisation lat\u00e9rale de type L6X. Ce poteau c\u00e9dant sous l&rsquo;impact est homologu\u00e9 au minist\u00e8re et respecte rigoureusement toutes les normes gouvernementales relatives aux poteaux de signalisation (HOM 6310-101). Selon la classification \u00e9tablie dans les normes minist\u00e9rielles, ce syst\u00e8me est de type L6X-1.<\/p>\n<p>Poteau trait\u00e9 par galvanisation \u00e0 chaud selon la norme ASTM-A123 avec pointe effil\u00e9e facilement ins\u00e9rable dans le sol.\u00a0Muni de perforations \u00e0 tous les 1\u2033\u00a0(2.54 cm) centre-\u00e0-centre sur toute la longueur du poteau.<\/p>\n<p>&nbsp;<\/p>\n","protected":false},"excerpt":{"rendered":"<p><strong>Le poteau standard de calibre sup\u00e9rieur pour enseignes routi\u00e8res.<\/strong><\/p>\n<p>Le PFP13 \u00ab RIB-BAK \u00bb, un poteau fait d&#039;acier form\u00e9 \u00e0 chaud en fonderie est un syst\u00e8me de signalisation lat\u00e9rale de type L6X. Ce poteau c\u00e9dant sous l&#039;impact est homologu\u00e9 au minist\u00e8re et respecte rigoureusement toutes les normes gouvernementales relatives aux poteaux de signalisation (HOM 6310-101). Selon la classification \u00e9tablie dans les normes minist\u00e9rielles, ce syst\u00e8me est de type L6X-1.<\/p>\n<p>Poteau trait\u00e9 par galvanisation \u00e0 chaud selon la norme ASTM-A123 avec pointe effil\u00e9e facilement ins\u00e9rable dans le sol.\u00a0Muni de perforations \u00e0 tous les 1\u2033\u00a0(2.54 cm) centre-\u00e0-centre sur toute la longueur du poteau.<\/p>\n<p><a href=\"http:\/\/www.martech.qc.ca\/index.php\/contact\/\" rel=\"attachment wp-att-66946\"><img loading=\"lazy\" decoding=\"async\" class=\"alignnone wp-image-66946 size-full\" src=\"http:\/\/www.martech.qc.ca\/wp-content\/uploads\/2016\/02\/CONTACT_C.jpg\" alt=\"Contactez-nous pour une soumission gratuite!\" width=\"560\" height=\"74\" srcset=\"https:\/\/www.martech.qc.ca\/index\/wp-content\/uploads\/2016\/02\/CONTACT_C.jpg 560w, https:\/\/www.martech.qc.ca\/index\/wp-content\/uploads\/2016\/02\/CONTACT_C-300x40.jpg 300w\" sizes=\"(max-width: 560px) 100vw, 560px\" \/><\/a><\/p>\n","protected":false},"featured_media":71660,"comment_status":"closed","ping_status":"closed","template":"","meta":{"_acf_changed":false},"product_cat":[34],"product_tag":[],"acf":[],"_links":{"self":[{"href":"https:\/\/www.martech.qc.ca\/index\/wp-json\/wp\/v2\/product\/71654"}],"collection":[{"href":"https:\/\/www.martech.qc.ca\/index\/wp-json\/wp\/v2\/product"}],"about":[{"href":"https:\/\/www.martech.qc.ca\/index\/wp-json\/wp\/v2\/types\/product"}],"replies":[{"embeddable":true,"href":"https:\/\/www.martech.qc.ca\/index\/wp-json\/wp\/v2\/comments?post=71654"}],"wp:featuredmedia":[{"embeddable":true,"href":"https:\/\/www.martech.qc.ca\/index\/wp-json\/wp\/v2\/media\/71660"}],"wp:attachment":[{"href":"https:\/\/www.martech.qc.ca\/index\/wp-json\/wp\/v2\/media?parent=71654"}],"wp:term":[{"taxonomy":"product_cat","embeddable":true,"href":"https:\/\/www.martech.qc.ca\/index\/wp-json\/wp\/v2\/product_cat?post=71654"},{"taxonomy":"product_tag","embeddable":true,"href":"https:\/\/www.martech.qc.ca\/index\/wp-json\/wp\/v2\/product_tag?post=71654"}],"curies":[{"name":"wp","href":"https:\/\/api.w.org\/{rel}","templated":true}]}}