{"id":71647,"date":"2019-03-25T14:26:51","date_gmt":"2019-03-25T14:26:51","guid":{"rendered":"http:\/\/www.martech.qc.ca\/index.php\/produit\/t-240-p-14-d\/"},"modified":"2019-03-25T14:27:30","modified_gmt":"2019-03-25T14:27:30","slug":"t-240-p-14-d","status":"publish","type":"product","link":"https:\/\/www.martech.qc.ca\/index\/produit\/t-240-p-14-d\/","title":{"rendered":"T-240-P-14-D"},"content":{"rendered":"<p>Lorsque les travaux sont r\u00e9alis\u00e9s \u00e0 proximit\u00e9 d&rsquo;un carrefour giratoire, le panonceau T-240-P-14-d peut \u00eatre fix\u00e9 au-dessous du panneau \u00ab Zone de travaux \u00bb (T-50-1) pour indiquer l\u2019endroit o\u00f9 ont lieu les travaux.<\/p>\n","protected":false},"excerpt":{"rendered":"<p>Lorsque les travaux sont r\u00e9alis\u00e9s \u00e0 proximit\u00e9 d&#039;un carrefour giratoire, le panonceau T-240-P-14-D peut \u00eatre fix\u00e9 au-dessous du panneau \u00ab Zone de travaux \u00bb (T-50-1) pour indiquer l\u2019endroit o\u00f9 ont lieu les travaux.<\/p>\n","protected":false},"featured_media":0,"comment_status":"closed","ping_status":"closed","template":"","meta":{"_acf_changed":false},"product_cat":[45],"product_tag":[],"acf":[],"_links":{"self":[{"href":"https:\/\/www.martech.qc.ca\/index\/wp-json\/wp\/v2\/product\/71647"}],"collection":[{"href":"https:\/\/www.martech.qc.ca\/index\/wp-json\/wp\/v2\/product"}],"about":[{"href":"https:\/\/www.martech.qc.ca\/index\/wp-json\/wp\/v2\/types\/product"}],"replies":[{"embeddable":true,"href":"https:\/\/www.martech.qc.ca\/index\/wp-json\/wp\/v2\/comments?post=71647"}],"wp:attachment":[{"href":"https:\/\/www.martech.qc.ca\/index\/wp-json\/wp\/v2\/media?parent=71647"}],"wp:term":[{"taxonomy":"product_cat","embeddable":true,"href":"https:\/\/www.martech.qc.ca\/index\/wp-json\/wp\/v2\/product_cat?post=71647"},{"taxonomy":"product_tag","embeddable":true,"href":"https:\/\/www.martech.qc.ca\/index\/wp-json\/wp\/v2\/product_tag?post=71647"}],"curies":[{"name":"wp","href":"https:\/\/api.w.org\/{rel}","templated":true}]}}