{"id":71510,"date":"2018-01-15T18:05:21","date_gmt":"2018-01-15T18:05:21","guid":{"rendered":"http:\/\/www.martech.qc.ca\/?post_type=product&#038;p=71510"},"modified":"2018-01-15T18:08:30","modified_gmt":"2018-01-15T18:08:30","slug":"carton_deneigement","status":"publish","type":"product","link":"https:\/\/www.martech.qc.ca\/index\/produit\/carton_deneigement\/","title":{"rendered":"Cartons de D\u00e9neigement"},"content":{"rendered":"<p>Les Cartons de D\u00e9neigement de Martech Signalistion sont tr\u00e8s utiles afin d&rsquo;identifier des bancs de neige qui seront d\u00e9neig\u00e9s prochainement ainsi qu&rsquo;indiquer l&rsquo;interdiction de stationner \u00e0 ce moment.<\/p>\n<p>Pr\u00e9-assembl\u00e9s et biod\u00e9gradables, plantez les simplement dans le banc de neige. Ce produit est fait pour \u00eatre pass\u00e9 dans la souffleuse.<\/p>\n","protected":false},"excerpt":{"rendered":"<p>Les Cartons de D\u00e9neigement Martech sont tr\u00e8s utiles afin d&rsquo;identifier des bancs de neige qui seront d\u00e9neig\u00e9s prochainement ainsi qu&rsquo;indiquer l&rsquo;interdiction de stationner \u00e0 ce moment.<\/p>\n<p>Pr\u00e9-assembl\u00e9s et biod\u00e9gradables, plantez les simplement dans le banc de neige. Ce produit est fait pour \u00eatre pass\u00e9 dans la souffleuse.<\/p>\n<p>&nbsp;<\/p>\n<p>Appelez d\u00e8s aujourd&rsquo;hui un repr\u00e9sentant au 450-646-2406 afin d&rsquo;avoir acc\u00e8s \u00e0 notre prix promotionnel pour ces items.<\/p>\n<p><a href=\"http:\/\/www.martech.qc.ca\/index.php\/contact\/\" rel=\"attachment wp-att-66946\"><img loading=\"lazy\" decoding=\"async\" class=\"alignnone wp-image-66946 size-full\" src=\"http:\/\/www.martech.qc.ca\/wp-content\/uploads\/2016\/02\/CONTACT_C.jpg\" alt=\"Contactez-nous pour une soumission gratuite!\" width=\"560\" height=\"74\" srcset=\"https:\/\/www.martech.qc.ca\/index\/wp-content\/uploads\/2016\/02\/CONTACT_C.jpg 560w, https:\/\/www.martech.qc.ca\/index\/wp-content\/uploads\/2016\/02\/CONTACT_C-300x40.jpg 300w\" sizes=\"(max-width: 560px) 100vw, 560px\" \/><\/a><\/p>\n","protected":false},"featured_media":71511,"comment_status":"open","ping_status":"closed","template":"","meta":{"_acf_changed":false},"product_cat":[30],"product_tag":[],"acf":[],"_links":{"self":[{"href":"https:\/\/www.martech.qc.ca\/index\/wp-json\/wp\/v2\/product\/71510"}],"collection":[{"href":"https:\/\/www.martech.qc.ca\/index\/wp-json\/wp\/v2\/product"}],"about":[{"href":"https:\/\/www.martech.qc.ca\/index\/wp-json\/wp\/v2\/types\/product"}],"replies":[{"embeddable":true,"href":"https:\/\/www.martech.qc.ca\/index\/wp-json\/wp\/v2\/comments?post=71510"}],"wp:featuredmedia":[{"embeddable":true,"href":"https:\/\/www.martech.qc.ca\/index\/wp-json\/wp\/v2\/media\/71511"}],"wp:attachment":[{"href":"https:\/\/www.martech.qc.ca\/index\/wp-json\/wp\/v2\/media?parent=71510"}],"wp:term":[{"taxonomy":"product_cat","embeddable":true,"href":"https:\/\/www.martech.qc.ca\/index\/wp-json\/wp\/v2\/product_cat?post=71510"},{"taxonomy":"product_tag","embeddable":true,"href":"https:\/\/www.martech.qc.ca\/index\/wp-json\/wp\/v2\/product_tag?post=71510"}],"curies":[{"name":"wp","href":"https:\/\/api.w.org\/{rel}","templated":true}]}}