{"id":71269,"date":"2017-02-20T20:22:07","date_gmt":"2017-02-20T20:22:07","guid":{"rendered":"http:\/\/www.martech.qc.ca\/index.php\/produit\/base-de-balise-4-5-6\/"},"modified":"2018-10-17T13:53:47","modified_gmt":"2018-10-17T13:53:47","slug":"base-de-balise","status":"publish","type":"product","link":"https:\/\/www.martech.qc.ca\/index\/produit\/base-de-balise\/","title":{"rendered":"Pied de balise"},"content":{"rendered":"<p>Base de balise en acier peint utilis\u00e9 pour chantiers de construction ou signalisation temporaire. Facile \u00e0 d\u00e9placer et utilisable avec pes\u00e9es en caoutchouc. Vient en tailles de 4&prime; &#8211; 5&prime; &#8211; 6&prime; ou avec poteau longueur sur mesure boulonn\u00e9 dessus. Peut venir en option galvanis\u00e9.<\/p>\n","protected":false},"excerpt":{"rendered":"<p>Base de balise en acier peint utilis\u00e9 pour chantiers de construction ou signalisation temporaire. Format standardis\u00e9 de 48&nbsp;&raquo; ou 60&nbsp;&raquo; disponible. Possibilit\u00e9 de fabriquer autres formats sur mesure sur demande. Facile \u00e0 d\u00e9placer et utilisable avec pes\u00e9es en caoutchouc. Peut venir en option galvanis\u00e9.<\/p>\n<p>&nbsp;<\/p>\n<p><a href=\"http:\/\/www.martech.qc.ca\/index.php\/contact\/\" rel=\"attachment wp-att-66946\"><img loading=\"lazy\" decoding=\"async\" class=\"alignnone wp-image-66946 size-full\" src=\"http:\/\/www.martech.qc.ca\/wp-content\/uploads\/2016\/02\/CONTACT_C.jpg\" alt=\"Contactez-nous pour une soumission gratuite!\" width=\"560\" height=\"74\" srcset=\"https:\/\/www.martech.qc.ca\/index\/wp-content\/uploads\/2016\/02\/CONTACT_C.jpg 560w, https:\/\/www.martech.qc.ca\/index\/wp-content\/uploads\/2016\/02\/CONTACT_C-300x40.jpg 300w\" sizes=\"(max-width: 560px) 100vw, 560px\" \/><\/a><\/p>\n","protected":false},"featured_media":71584,"comment_status":"closed","ping_status":"closed","template":"","meta":{"_acf_changed":false},"product_cat":[30],"product_tag":[],"acf":[],"_links":{"self":[{"href":"https:\/\/www.martech.qc.ca\/index\/wp-json\/wp\/v2\/product\/71269"}],"collection":[{"href":"https:\/\/www.martech.qc.ca\/index\/wp-json\/wp\/v2\/product"}],"about":[{"href":"https:\/\/www.martech.qc.ca\/index\/wp-json\/wp\/v2\/types\/product"}],"replies":[{"embeddable":true,"href":"https:\/\/www.martech.qc.ca\/index\/wp-json\/wp\/v2\/comments?post=71269"}],"wp:featuredmedia":[{"embeddable":true,"href":"https:\/\/www.martech.qc.ca\/index\/wp-json\/wp\/v2\/media\/71584"}],"wp:attachment":[{"href":"https:\/\/www.martech.qc.ca\/index\/wp-json\/wp\/v2\/media?parent=71269"}],"wp:term":[{"taxonomy":"product_cat","embeddable":true,"href":"https:\/\/www.martech.qc.ca\/index\/wp-json\/wp\/v2\/product_cat?post=71269"},{"taxonomy":"product_tag","embeddable":true,"href":"https:\/\/www.martech.qc.ca\/index\/wp-json\/wp\/v2\/product_tag?post=71269"}],"curies":[{"name":"wp","href":"https:\/\/api.w.org\/{rel}","templated":true}]}}