{"id":71081,"date":"2017-02-10T19:38:26","date_gmt":"2017-02-10T19:38:26","guid":{"rendered":"http:\/\/www.martech.qc.ca\/index.php\/produit\/liquidation-toiles-amovibles\/"},"modified":"2017-02-10T20:04:15","modified_gmt":"2017-02-10T20:04:15","slug":"liquidation-toiles-amovibles","status":"publish","type":"product","link":"https:\/\/www.martech.qc.ca\/index\/produit\/liquidation-toiles-amovibles\/","title":{"rendered":"LIQUIDATION: Toiles Amovibles"},"content":{"rendered":"<p>Pr\u00e9sentement en liquidation chez Martech: plusieurs mod\u00e8les de toiles amovibles r\u00e9fl\u00e9chissantes pour la signalisation temporaire qui doit \u00eatre mise en place rapidement. Id\u00e9al pour chantiers de construction, zones de travaux et lieux \u00e0 s\u00e9curiser.<\/p>\n<p>Formats 36&nbsp;&raquo; x 36&nbsp;&raquo; (900mm x 900mm) et 24&nbsp;&raquo; x 30&nbsp;&raquo; (600mm x 750mm) disponibles.<\/p>\n<p>Mod\u00e8les disponibles:<\/p>\n<p>T-50-3, T-100-2-G, P-60-D, T-80-2, T-100-1-D, T-20, T-80-1, T-60, T-50-1, P-140-1<\/p>\n<p>Appelez d\u00e8s aujourd&rsquo;hui un repr\u00e9sentant au 450-646-2406 afin d&rsquo;avoir acc\u00e8s \u00e0 notre prix promotionnel pour ces items.<\/p>\n","protected":false},"excerpt":{"rendered":"<p>Pr\u00e9sentement en liquidation chez Martech: plusieurs mod\u00e8les de toiles amovibles r\u00e9fl\u00e9chissantes pour la signalisation temporaire qui doit \u00eatre mise en place rapidement. Id\u00e9al pour chantiers de construction, zones de travaux et lieux \u00e0 s\u00e9curiser.<\/p>\n<p>Formats 36&nbsp;&raquo; x 36&nbsp;&raquo; (900mm x 900mm) et 24&nbsp;&raquo; x 30&nbsp;&raquo; (600mm x 750mm) disponibles.<\/p>\n<p>Mod\u00e8les disponibles:<\/p>\n<p>T-50-3, T-100-2-G, P-60-D, T-80-2, T-100-1-D, T-20, T-80-1, T-60, T-50-1, P-140-1<\/p>\n<p>Appelez d\u00e8s aujourd&rsquo;hui un repr\u00e9sentant au 450-646-2406 afin d&rsquo;avoir acc\u00e8s \u00e0 notre prix promotionnel pour ces items.<\/p>\n<p><a href=\"http:\/\/www.martech.qc.ca\/index.php\/contact\/\" rel=\"attachment wp-att-66946\"><img loading=\"lazy\" decoding=\"async\" class=\"alignnone wp-image-66946 size-full\" src=\"http:\/\/www.martech.qc.ca\/wp-content\/uploads\/2016\/02\/CONTACT_C.jpg\" alt=\"Contactez-nous pour une soumission gratuite!\" width=\"560\" height=\"74\" srcset=\"https:\/\/www.martech.qc.ca\/index\/wp-content\/uploads\/2016\/02\/CONTACT_C.jpg 560w, https:\/\/www.martech.qc.ca\/index\/wp-content\/uploads\/2016\/02\/CONTACT_C-300x40.jpg 300w\" sizes=\"(max-width: 560px) 100vw, 560px\" \/><\/a><\/p>\n","protected":false},"featured_media":71092,"comment_status":"closed","ping_status":"closed","template":"","meta":{"_acf_changed":false},"product_cat":[30],"product_tag":[],"acf":[],"_links":{"self":[{"href":"https:\/\/www.martech.qc.ca\/index\/wp-json\/wp\/v2\/product\/71081"}],"collection":[{"href":"https:\/\/www.martech.qc.ca\/index\/wp-json\/wp\/v2\/product"}],"about":[{"href":"https:\/\/www.martech.qc.ca\/index\/wp-json\/wp\/v2\/types\/product"}],"replies":[{"embeddable":true,"href":"https:\/\/www.martech.qc.ca\/index\/wp-json\/wp\/v2\/comments?post=71081"}],"wp:featuredmedia":[{"embeddable":true,"href":"https:\/\/www.martech.qc.ca\/index\/wp-json\/wp\/v2\/media\/71092"}],"wp:attachment":[{"href":"https:\/\/www.martech.qc.ca\/index\/wp-json\/wp\/v2\/media?parent=71081"}],"wp:term":[{"taxonomy":"product_cat","embeddable":true,"href":"https:\/\/www.martech.qc.ca\/index\/wp-json\/wp\/v2\/product_cat?post=71081"},{"taxonomy":"product_tag","embeddable":true,"href":"https:\/\/www.martech.qc.ca\/index\/wp-json\/wp\/v2\/product_tag?post=71081"}],"curies":[{"name":"wp","href":"https:\/\/api.w.org\/{rel}","templated":true}]}}