{"id":70806,"date":"2017-01-20T20:18:50","date_gmt":"2017-01-20T20:18:50","guid":{"rendered":"http:\/\/www.martech.qc.ca\/index.php\/produit\/base_beton_laminee\/"},"modified":"2019-12-17T18:31:03","modified_gmt":"2019-12-17T18:31:03","slug":"base_beton_laminee","status":"publish","type":"product","link":"https:\/\/www.martech.qc.ca\/index\/produit\/base_beton_laminee\/","title":{"rendered":"Base de b\u00e9ton lamin\u00e9e"},"content":{"rendered":"<p>La base de b\u00e9ton lamin\u00e9e est fabriqu\u00e9e gr\u00e2ce \u00e0 une\u00a0toute nouvelle technologie de pellicule qui permet de prot\u00e9ger et d\u00e9corer le b\u00e9ton. Ce nouveau produit vous permet d&rsquo;afficher\u00a0le visuel que vous souhaitez\u00a0sur vos bases de b\u00e9ton: choisissez parmi notre gamme de pictogrammes standardis\u00e9s ou faites imprimer votre propre visuel.<\/p>\n<p>Elle vient en deux options: non-r\u00e9fl\u00e9chissante ou r\u00e9fl\u00e9chissante ce qui permet de grandement augmenter la visibilit\u00e9 et s\u00e9curit\u00e9 des bases de b\u00e9ton.\u00a0Ce produit est \u00e9galement une excellente alternative \u00e0 la base de b\u00e9ton peinte: la pellicule protectrice assure une durabilit\u00e9 nettement sup\u00e9rieure \u00e0 la peinture.<\/p>\n<p>&nbsp;<\/p>\n<p>&nbsp;<\/p>\n<p>&nbsp;<\/p>\n","protected":false},"excerpt":{"rendered":"<p>La base de b\u00e9ton lamin\u00e9e est fabriqu\u00e9e gr\u00e2ce \u00e0 une\u00a0toute nouvelle technologie de pellicule qui permet de prot\u00e9ger et d\u00e9corer le b\u00e9ton. Ce nouveau produit vous permet d&rsquo;afficher\u00a0le visuel que vous souhaitez\u00a0sur vos bases de b\u00e9ton: choisissez parmi notre gamme de pictogrammes standardis\u00e9s ou faites imprimer votre propre visuel.<\/p>\n<p>Elle vient en deux options: non-r\u00e9fl\u00e9chissante ou r\u00e9fl\u00e9chissante ce qui permet de grandement augmenter la visibilit\u00e9 et s\u00e9curit\u00e9 des bases de b\u00e9ton.\u00a0Ce produit est \u00e9galement une excellente alternative \u00e0 la base de b\u00e9ton peinte: la pellicule protectrice assure une durabilit\u00e9 nettement sup\u00e9rieure \u00e0 la peinture.<\/p>\n<p>&nbsp;<\/p>\n<p><a href=\"http:\/\/www.martech.qc.ca\/index.php\/contact\/\" rel=\"attachment wp-att-66946\"><img loading=\"lazy\" decoding=\"async\" class=\"alignnone wp-image-66946 size-full\" src=\"http:\/\/www.martech.qc.ca\/wp-content\/uploads\/2016\/02\/CONTACT_C.jpg\" alt=\"Contactez-nous pour une soumission gratuite!\" width=\"560\" height=\"74\" srcset=\"https:\/\/www.martech.qc.ca\/index\/wp-content\/uploads\/2016\/02\/CONTACT_C.jpg 560w, https:\/\/www.martech.qc.ca\/index\/wp-content\/uploads\/2016\/02\/CONTACT_C-300x40.jpg 300w\" sizes=\"(max-width: 560px) 100vw, 560px\" \/><\/a><\/p>\n","protected":false},"featured_media":70811,"comment_status":"closed","ping_status":"closed","template":"","meta":{"_acf_changed":false},"product_cat":[35],"product_tag":[],"acf":[],"_links":{"self":[{"href":"https:\/\/www.martech.qc.ca\/index\/wp-json\/wp\/v2\/product\/70806"}],"collection":[{"href":"https:\/\/www.martech.qc.ca\/index\/wp-json\/wp\/v2\/product"}],"about":[{"href":"https:\/\/www.martech.qc.ca\/index\/wp-json\/wp\/v2\/types\/product"}],"replies":[{"embeddable":true,"href":"https:\/\/www.martech.qc.ca\/index\/wp-json\/wp\/v2\/comments?post=70806"}],"wp:featuredmedia":[{"embeddable":true,"href":"https:\/\/www.martech.qc.ca\/index\/wp-json\/wp\/v2\/media\/70811"}],"wp:attachment":[{"href":"https:\/\/www.martech.qc.ca\/index\/wp-json\/wp\/v2\/media?parent=70806"}],"wp:term":[{"taxonomy":"product_cat","embeddable":true,"href":"https:\/\/www.martech.qc.ca\/index\/wp-json\/wp\/v2\/product_cat?post=70806"},{"taxonomy":"product_tag","embeddable":true,"href":"https:\/\/www.martech.qc.ca\/index\/wp-json\/wp\/v2\/product_tag?post=70806"}],"curies":[{"name":"wp","href":"https:\/\/api.w.org\/{rel}","templated":true}]}}