{"id":70741,"date":"2016-10-03T19:54:52","date_gmt":"2016-10-03T19:54:52","guid":{"rendered":"http:\/\/www.martech.qc.ca\/index.php\/produit\/cone-12%e2%80%b3\/"},"modified":"2016-10-03T19:57:39","modified_gmt":"2016-10-03T19:57:39","slug":"cone-12%e2%80%b3","status":"publish","type":"product","link":"https:\/\/www.martech.qc.ca\/index\/produit\/cone-12%e2%80%b3\/","title":{"rendered":"C\u00f4ne 12\u2033"},"content":{"rendered":"<p>Les c\u00f4nes de signalisation 12\u2033 de couleur orange peuvent venir avec bandes r\u00e9fl\u00e9chissantes ou sans. Ils peuvent \u00eatres lettr\u00e9s avec le nom ou logo de votre organisme afin de r\u00e9duire les risques de vol.<\/p>\n<p>&nbsp;<\/p>\n<p>&nbsp;<\/p>\n","protected":false},"excerpt":{"rendered":"<p>Les c\u00f4nes de signalisation 12\u2033 de couleur orange peuvent venir avec bandes r\u00e9fl\u00e9chissantes ou sans. Ils peuvent \u00eatres lettr\u00e9s avec le nom ou logo de votre organisme afin de r\u00e9duire les risques de vol.<\/p>\n<p>&nbsp;<\/p>\n<p><a href=\"http:\/\/www.martech.qc.ca\/index.php\/contact\/\" rel=\"attachment wp-att-66946\"><img loading=\"lazy\" decoding=\"async\" class=\"alignnone wp-image-66946 size-full\" src=\"http:\/\/www.martech.qc.ca\/wp-content\/uploads\/2016\/02\/CONTACT_C.jpg\" alt=\"Contactez-nous pour une soumission gratuite!\" width=\"560\" height=\"74\" srcset=\"https:\/\/www.martech.qc.ca\/index\/wp-content\/uploads\/2016\/02\/CONTACT_C.jpg 560w, https:\/\/www.martech.qc.ca\/index\/wp-content\/uploads\/2016\/02\/CONTACT_C-300x40.jpg 300w\" sizes=\"(max-width: 560px) 100vw, 560px\" \/><\/a><\/p>\n","protected":false},"featured_media":70742,"comment_status":"closed","ping_status":"closed","template":"","meta":{"_acf_changed":false},"product_cat":[30],"product_tag":[],"acf":[],"_links":{"self":[{"href":"https:\/\/www.martech.qc.ca\/index\/wp-json\/wp\/v2\/product\/70741"}],"collection":[{"href":"https:\/\/www.martech.qc.ca\/index\/wp-json\/wp\/v2\/product"}],"about":[{"href":"https:\/\/www.martech.qc.ca\/index\/wp-json\/wp\/v2\/types\/product"}],"replies":[{"embeddable":true,"href":"https:\/\/www.martech.qc.ca\/index\/wp-json\/wp\/v2\/comments?post=70741"}],"wp:featuredmedia":[{"embeddable":true,"href":"https:\/\/www.martech.qc.ca\/index\/wp-json\/wp\/v2\/media\/70742"}],"wp:attachment":[{"href":"https:\/\/www.martech.qc.ca\/index\/wp-json\/wp\/v2\/media?parent=70741"}],"wp:term":[{"taxonomy":"product_cat","embeddable":true,"href":"https:\/\/www.martech.qc.ca\/index\/wp-json\/wp\/v2\/product_cat?post=70741"},{"taxonomy":"product_tag","embeddable":true,"href":"https:\/\/www.martech.qc.ca\/index\/wp-json\/wp\/v2\/product_tag?post=70741"}],"curies":[{"name":"wp","href":"https:\/\/api.w.org\/{rel}","templated":true}]}}