{"id":70738,"date":"2016-10-03T19:39:42","date_gmt":"2016-10-03T19:39:42","guid":{"rendered":"http:\/\/www.martech.qc.ca\/index.php\/produit\/cone_18\/"},"modified":"2016-10-03T19:55:53","modified_gmt":"2016-10-03T19:55:53","slug":"cone_18","status":"publish","type":"product","link":"https:\/\/www.martech.qc.ca\/index\/produit\/cone_18\/","title":{"rendered":"C\u00f4ne 18\u2033"},"content":{"rendered":"<p>Les c\u00f4nes de signalisation 18\u2033 de couleur orange peuvent venir avec bande r\u00e9fl\u00e9chissante ou sans. Ils peuvent \u00eatres lettr\u00e9s avec le nom ou logo de votre organisme afin de r\u00e9duire les risques de vol.<\/p>\n<p>&nbsp;<\/p>\n<p>&nbsp;<\/p>\n","protected":false},"excerpt":{"rendered":"<p>Les c\u00f4nes de signalisation 18\u2033 de couleur orange peuvent venir avec bande r\u00e9fl\u00e9chissante ou sans. Ils peuvent \u00eatres lettr\u00e9s avec le nom ou logo de votre organisme afin de r\u00e9duire les risques de vol.<\/p>\n<p>&nbsp;<\/p>\n<p><a href=\"http:\/\/www.martech.qc.ca\/index.php\/contact\/\" rel=\"attachment wp-att-66946\"><img loading=\"lazy\" decoding=\"async\" class=\"alignnone wp-image-66946 size-full\" src=\"http:\/\/www.martech.qc.ca\/wp-content\/uploads\/2016\/02\/CONTACT_C.jpg\" alt=\"Contactez-nous pour une soumission gratuite!\" width=\"560\" height=\"74\" srcset=\"https:\/\/www.martech.qc.ca\/index\/wp-content\/uploads\/2016\/02\/CONTACT_C.jpg 560w, https:\/\/www.martech.qc.ca\/index\/wp-content\/uploads\/2016\/02\/CONTACT_C-300x40.jpg 300w\" sizes=\"(max-width: 560px) 100vw, 560px\" \/><\/a><\/p>\n","protected":false},"featured_media":70739,"comment_status":"closed","ping_status":"closed","template":"","meta":{"_acf_changed":false},"product_cat":[30],"product_tag":[],"acf":[],"_links":{"self":[{"href":"https:\/\/www.martech.qc.ca\/index\/wp-json\/wp\/v2\/product\/70738"}],"collection":[{"href":"https:\/\/www.martech.qc.ca\/index\/wp-json\/wp\/v2\/product"}],"about":[{"href":"https:\/\/www.martech.qc.ca\/index\/wp-json\/wp\/v2\/types\/product"}],"replies":[{"embeddable":true,"href":"https:\/\/www.martech.qc.ca\/index\/wp-json\/wp\/v2\/comments?post=70738"}],"wp:featuredmedia":[{"embeddable":true,"href":"https:\/\/www.martech.qc.ca\/index\/wp-json\/wp\/v2\/media\/70739"}],"wp:attachment":[{"href":"https:\/\/www.martech.qc.ca\/index\/wp-json\/wp\/v2\/media?parent=70738"}],"wp:term":[{"taxonomy":"product_cat","embeddable":true,"href":"https:\/\/www.martech.qc.ca\/index\/wp-json\/wp\/v2\/product_cat?post=70738"},{"taxonomy":"product_tag","embeddable":true,"href":"https:\/\/www.martech.qc.ca\/index\/wp-json\/wp\/v2\/product_tag?post=70738"}],"curies":[{"name":"wp","href":"https:\/\/api.w.org\/{rel}","templated":true}]}}