{"id":70736,"date":"2016-10-03T19:28:48","date_gmt":"2016-10-03T19:28:48","guid":{"rendered":"http:\/\/www.martech.qc.ca\/index.php\/produit\/cone_28_trv3\/"},"modified":"2016-10-03T19:35:30","modified_gmt":"2016-10-03T19:35:30","slug":"cone_28_trv3","status":"publish","type":"product","link":"https:\/\/www.martech.qc.ca\/index\/produit\/cone_28_trv3\/","title":{"rendered":"C\u00f4ne 28\u2033 (T-RV-3)"},"content":{"rendered":"<p>Les c\u00f4nes de signalisation 28\u2033 (TRV-3) de couleur orange peuvent venir avec bandes r\u00e9fl\u00e9chissantes ou sans. Ils peuvent \u00eatres lettr\u00e9s avec le nom ou logo de votre organisme afin de r\u00e9duire les risques de vol. Ces c\u00f4nes doivent \u00eatre utilis\u00e9s uniquement lors des travaux de courte dur\u00e9e en milieu urbain (V \u2264 50 km\/h) et des travaux de tr\u00e8s courte dur\u00e9e.<\/p>\n<p>&nbsp;<\/p>\n<p>&nbsp;<\/p>\n","protected":false},"excerpt":{"rendered":"<p>Les c\u00f4nes de signalisation 28\u2033 (TRV3) de couleur orange peuvent venir avec bandes r\u00e9fl\u00e9chissantes ou sans. Ils peuvent \u00eatres lettr\u00e9s avec le nom ou logo de votre organisme afin de r\u00e9duire les risques de vol. Ces c\u00f4nes doivent \u00eatre utilis\u00e9s uniquement lors des travaux de courte dur\u00e9e en milieu urbain (V \u2264 50 km\/h) et des travaux de tr\u00e8s courte dur\u00e9e.<\/p>\n<p>&nbsp;<\/p>\n<p><a href=\"http:\/\/www.martech.qc.ca\/index.php\/contact\/\" rel=\"attachment wp-att-66946\"><img loading=\"lazy\" decoding=\"async\" class=\"alignnone wp-image-66946 size-full\" src=\"http:\/\/www.martech.qc.ca\/wp-content\/uploads\/2016\/02\/CONTACT_C.jpg\" alt=\"Contactez-nous pour une soumission gratuite!\" width=\"560\" height=\"74\" srcset=\"https:\/\/www.martech.qc.ca\/index\/wp-content\/uploads\/2016\/02\/CONTACT_C.jpg 560w, https:\/\/www.martech.qc.ca\/index\/wp-content\/uploads\/2016\/02\/CONTACT_C-300x40.jpg 300w\" sizes=\"(max-width: 560px) 100vw, 560px\" \/><\/a><\/p>\n","protected":false},"featured_media":70737,"comment_status":"closed","ping_status":"closed","template":"","meta":{"_acf_changed":false},"product_cat":[30],"product_tag":[],"acf":[],"_links":{"self":[{"href":"https:\/\/www.martech.qc.ca\/index\/wp-json\/wp\/v2\/product\/70736"}],"collection":[{"href":"https:\/\/www.martech.qc.ca\/index\/wp-json\/wp\/v2\/product"}],"about":[{"href":"https:\/\/www.martech.qc.ca\/index\/wp-json\/wp\/v2\/types\/product"}],"replies":[{"embeddable":true,"href":"https:\/\/www.martech.qc.ca\/index\/wp-json\/wp\/v2\/comments?post=70736"}],"wp:featuredmedia":[{"embeddable":true,"href":"https:\/\/www.martech.qc.ca\/index\/wp-json\/wp\/v2\/media\/70737"}],"wp:attachment":[{"href":"https:\/\/www.martech.qc.ca\/index\/wp-json\/wp\/v2\/media?parent=70736"}],"wp:term":[{"taxonomy":"product_cat","embeddable":true,"href":"https:\/\/www.martech.qc.ca\/index\/wp-json\/wp\/v2\/product_cat?post=70736"},{"taxonomy":"product_tag","embeddable":true,"href":"https:\/\/www.martech.qc.ca\/index\/wp-json\/wp\/v2\/product_tag?post=70736"}],"curies":[{"name":"wp","href":"https:\/\/api.w.org\/{rel}","templated":true}]}}