{"id":70730,"date":"2016-10-03T19:05:46","date_gmt":"2016-10-03T19:05:46","guid":{"rendered":"http:\/\/www.martech.qc.ca\/index.php\/produit\/panneau_sandwich\/"},"modified":"2021-10-26T20:09:51","modified_gmt":"2021-10-26T20:09:51","slug":"panneau_sandwich","status":"publish","type":"product","link":"https:\/\/www.martech.qc.ca\/index\/produit\/panneau_sandwich\/","title":{"rendered":"Panneaux Sandwich"},"content":{"rendered":"<p>Panneaux &laquo;&nbsp;sandwich&nbsp;&raquo; avec pentures pour affichage temporaire. Peuvent venir avec visuel sur mesure ou standardis\u00e9 et \u00eatre fait en bois (plywood \u00e0 balcon cr\u00e9zon) ou aluminium. Peut venir avec pellicule non-r\u00e9fl\u00e9chissante ou r\u00e9fl\u00e9chissante selon vos besoins. Commun\u00e9ment\u00a0utilis\u00e9 pour interdictions de stationnement.<\/p>\n","protected":false},"excerpt":{"rendered":"<p>Panneaux &laquo;&nbsp;sandwich&nbsp;&raquo; avec pentures pour affichage temporaire. Peuvent venir avec visuel sur mesure ou standardis\u00e9 et \u00eatre fait en bois (plywood \u00e0 balcon cr\u00e9zon) ou aluminium. Peut venir avec pellicule non-r\u00e9fl\u00e9chissante ou r\u00e9fl\u00e9chissante selon vos besoins. Commun\u00e9ment\u00a0utilis\u00e9 pour interdictions de stationnement.<\/p>\n<p>&nbsp;<\/p>\n<p><a href=\"http:\/\/www.martech.qc.ca\/index.php\/contact\/\" rel=\"attachment wp-att-66946\"><img loading=\"lazy\" decoding=\"async\" class=\"alignnone wp-image-66946 size-full\" src=\"http:\/\/www.martech.qc.ca\/wp-content\/uploads\/2016\/02\/CONTACT_C.jpg\" alt=\"Contactez-nous pour une soumission gratuite!\" width=\"560\" height=\"74\" srcset=\"https:\/\/www.martech.qc.ca\/index\/wp-content\/uploads\/2016\/02\/CONTACT_C.jpg 560w, https:\/\/www.martech.qc.ca\/index\/wp-content\/uploads\/2016\/02\/CONTACT_C-300x40.jpg 300w\" sizes=\"(max-width: 560px) 100vw, 560px\" \/><\/a><\/p>\n","protected":false},"featured_media":70731,"comment_status":"closed","ping_status":"closed","template":"","meta":{"_acf_changed":false},"product_cat":[30],"product_tag":[],"acf":[],"_links":{"self":[{"href":"https:\/\/www.martech.qc.ca\/index\/wp-json\/wp\/v2\/product\/70730"}],"collection":[{"href":"https:\/\/www.martech.qc.ca\/index\/wp-json\/wp\/v2\/product"}],"about":[{"href":"https:\/\/www.martech.qc.ca\/index\/wp-json\/wp\/v2\/types\/product"}],"replies":[{"embeddable":true,"href":"https:\/\/www.martech.qc.ca\/index\/wp-json\/wp\/v2\/comments?post=70730"}],"wp:featuredmedia":[{"embeddable":true,"href":"https:\/\/www.martech.qc.ca\/index\/wp-json\/wp\/v2\/media\/70731"}],"wp:attachment":[{"href":"https:\/\/www.martech.qc.ca\/index\/wp-json\/wp\/v2\/media?parent=70730"}],"wp:term":[{"taxonomy":"product_cat","embeddable":true,"href":"https:\/\/www.martech.qc.ca\/index\/wp-json\/wp\/v2\/product_cat?post=70730"},{"taxonomy":"product_tag","embeddable":true,"href":"https:\/\/www.martech.qc.ca\/index\/wp-json\/wp\/v2\/product_tag?post=70730"}],"curies":[{"name":"wp","href":"https:\/\/api.w.org\/{rel}","templated":true}]}}