{"id":70728,"date":"2016-10-03T18:54:50","date_gmt":"2016-10-03T18:54:50","guid":{"rendered":"http:\/\/www.martech.qc.ca\/index.php\/produit\/veste_securite\/"},"modified":"2018-03-29T14:27:59","modified_gmt":"2018-03-29T14:27:59","slug":"veste_securite","status":"publish","type":"product","link":"https:\/\/www.martech.qc.ca\/index\/produit\/veste_securite\/","title":{"rendered":"Veste de s\u00e9curit\u00e9"},"content":{"rendered":"<p>Veste de s\u00e9curit\u00e9 avec bandes r\u00e9fl\u00e9chissantes (orange) ou veste pour signaleur (fluo chartreuse) avec bandes r\u00e9fl\u00e9chissantes. Peut venir lettr\u00e9 ou avec logo de votre organisme.<\/p>\n","protected":false},"excerpt":{"rendered":"<p>Veste de s\u00e9curit\u00e9 avec bandes r\u00e9fl\u00e9chissantes (orange) ou veste pour signaleur (fluo chartreuse). Peut venir lettr\u00e9 ou avec logo de votre organisme.<\/p>\n<p>&nbsp;<\/p>\n<p><a href=\"http:\/\/www.martech.qc.ca\/index.php\/contact\/\" rel=\"attachment wp-att-66946\"><img loading=\"lazy\" decoding=\"async\" class=\"alignnone wp-image-66946 size-full\" src=\"http:\/\/www.martech.qc.ca\/wp-content\/uploads\/2016\/02\/CONTACT_C.jpg\" alt=\"Contactez-nous pour une soumission gratuite!\" width=\"560\" height=\"74\" srcset=\"https:\/\/www.martech.qc.ca\/index\/wp-content\/uploads\/2016\/02\/CONTACT_C.jpg 560w, https:\/\/www.martech.qc.ca\/index\/wp-content\/uploads\/2016\/02\/CONTACT_C-300x40.jpg 300w\" sizes=\"(max-width: 560px) 100vw, 560px\" \/><\/a><\/p>\n","protected":false},"featured_media":70729,"comment_status":"closed","ping_status":"closed","template":"","meta":{"_acf_changed":false},"product_cat":[30],"product_tag":[],"acf":[],"_links":{"self":[{"href":"https:\/\/www.martech.qc.ca\/index\/wp-json\/wp\/v2\/product\/70728"}],"collection":[{"href":"https:\/\/www.martech.qc.ca\/index\/wp-json\/wp\/v2\/product"}],"about":[{"href":"https:\/\/www.martech.qc.ca\/index\/wp-json\/wp\/v2\/types\/product"}],"replies":[{"embeddable":true,"href":"https:\/\/www.martech.qc.ca\/index\/wp-json\/wp\/v2\/comments?post=70728"}],"wp:featuredmedia":[{"embeddable":true,"href":"https:\/\/www.martech.qc.ca\/index\/wp-json\/wp\/v2\/media\/70729"}],"wp:attachment":[{"href":"https:\/\/www.martech.qc.ca\/index\/wp-json\/wp\/v2\/media?parent=70728"}],"wp:term":[{"taxonomy":"product_cat","embeddable":true,"href":"https:\/\/www.martech.qc.ca\/index\/wp-json\/wp\/v2\/product_cat?post=70728"},{"taxonomy":"product_tag","embeddable":true,"href":"https:\/\/www.martech.qc.ca\/index\/wp-json\/wp\/v2\/product_tag?post=70728"}],"curies":[{"name":"wp","href":"https:\/\/api.w.org\/{rel}","templated":true}]}}