{"id":70719,"date":"2016-10-03T17:51:27","date_gmt":"2016-10-03T17:51:27","guid":{"rendered":"http:\/\/www.martech.qc.ca\/index.php\/produit\/support_su-500\/"},"modified":"2016-10-03T18:08:37","modified_gmt":"2016-10-03T18:08:37","slug":"support_su-500","status":"publish","type":"product","link":"https:\/\/www.martech.qc.ca\/index\/produit\/support_su-500\/","title":{"rendered":"SU-500 support en acier"},"content":{"rendered":"<p>Support en acier 36&nbsp;&raquo; pour planches de barricade. Vient avec barre de renfort (SU-500-A) ou sans barre (SU-500-B). Commun\u00e9ment utilis\u00e9 avec planches de barricade TB-1.<\/p>\n","protected":false},"excerpt":{"rendered":"<p>Support en acier 36&nbsp;&raquo; pour planches de barricade. Vient avec barre de renfort (SU-500-A) ou sans barre (SU-500-B). Commun\u00e9ment utilis\u00e9 avec planches de barricade T-B-1 tel que montr\u00e9 sur image.<\/p>\n<p>&nbsp;<\/p>\n<p><a href=\"http:\/\/www.martech.qc.ca\/index.php\/contact\/\" rel=\"attachment wp-att-66946\"><img loading=\"lazy\" decoding=\"async\" class=\"alignnone wp-image-66946 size-full\" src=\"http:\/\/www.martech.qc.ca\/wp-content\/uploads\/2016\/02\/CONTACT_C.jpg\" alt=\"Contactez-nous pour une soumission gratuite!\" width=\"560\" height=\"74\" srcset=\"https:\/\/www.martech.qc.ca\/index\/wp-content\/uploads\/2016\/02\/CONTACT_C.jpg 560w, https:\/\/www.martech.qc.ca\/index\/wp-content\/uploads\/2016\/02\/CONTACT_C-300x40.jpg 300w\" sizes=\"(max-width: 560px) 100vw, 560px\" \/><\/a><\/p>\n","protected":false},"featured_media":70720,"comment_status":"closed","ping_status":"closed","template":"","meta":{"_acf_changed":false},"product_cat":[30],"product_tag":[],"acf":[],"_links":{"self":[{"href":"https:\/\/www.martech.qc.ca\/index\/wp-json\/wp\/v2\/product\/70719"}],"collection":[{"href":"https:\/\/www.martech.qc.ca\/index\/wp-json\/wp\/v2\/product"}],"about":[{"href":"https:\/\/www.martech.qc.ca\/index\/wp-json\/wp\/v2\/types\/product"}],"replies":[{"embeddable":true,"href":"https:\/\/www.martech.qc.ca\/index\/wp-json\/wp\/v2\/comments?post=70719"}],"wp:featuredmedia":[{"embeddable":true,"href":"https:\/\/www.martech.qc.ca\/index\/wp-json\/wp\/v2\/media\/70720"}],"wp:attachment":[{"href":"https:\/\/www.martech.qc.ca\/index\/wp-json\/wp\/v2\/media?parent=70719"}],"wp:term":[{"taxonomy":"product_cat","embeddable":true,"href":"https:\/\/www.martech.qc.ca\/index\/wp-json\/wp\/v2\/product_cat?post=70719"},{"taxonomy":"product_tag","embeddable":true,"href":"https:\/\/www.martech.qc.ca\/index\/wp-json\/wp\/v2\/product_tag?post=70719"}],"curies":[{"name":"wp","href":"https:\/\/api.w.org\/{rel}","templated":true}]}}