{"id":70712,"date":"2016-09-30T20:17:42","date_gmt":"2016-09-30T20:17:42","guid":{"rendered":"http:\/\/www.martech.qc.ca\/index.php\/produit\/poussoir\/"},"modified":"2016-10-04T13:00:34","modified_gmt":"2016-10-04T13:00:34","slug":"poussoir_a_poteaux","status":"publish","type":"product","link":"https:\/\/www.martech.qc.ca\/index\/produit\/poussoir_a_poteaux\/","title":{"rendered":"Poussoir \u00e0 poteau"},"content":{"rendered":"<p>Le poussoir sert \u00e0 prot\u00e9ger les poteaux lorsqu&rsquo;on les enfoncent. Il s&rsquo;utilise sur les poteaux en &laquo;&nbsp;U&nbsp;&raquo; de Type 1, 2 et 3. Le profil int\u00e9rieur correspond \u00e0 la forme des poteaux et en emp\u00eache la d\u00e9formation en distribuant la force d&rsquo;impact lors de la mise en terre. Il est en acier forg\u00e9 tr\u00e8s r\u00e9sistant.<\/p>\n<p>Poids: 4.25 lb \/ 1.9 kg<\/p>\n","protected":false},"excerpt":{"rendered":"<p>Le poussoir sert \u00e0 prot\u00e9ger les poteaux lorsqu&rsquo;on les enfoncent. Il s&rsquo;utilise sur les poteaux en &laquo;&nbsp;U&nbsp;&raquo; de Type 1, 2 et 3. Le profil int\u00e9rieur correspond \u00e0 la forme des poteaux et en emp\u00eache la d\u00e9formation en distribuant la force d&rsquo;impact lors de la mise en terre. Il est en acier forg\u00e9 tr\u00e8s r\u00e9sistant.<\/p>\n<p>Poids: 4.25 lb \/ 1.9 kg<\/p>\n<p><a href=\"http:\/\/www.martech.qc.ca\/index.php\/contact\/\" rel=\"attachment wp-att-66946\"><img loading=\"lazy\" decoding=\"async\" class=\"alignnone wp-image-66946 size-full\" src=\"http:\/\/www.martech.qc.ca\/wp-content\/uploads\/2016\/02\/CONTACT_C.jpg\" alt=\"Contactez-nous pour une soumission gratuite!\" width=\"560\" height=\"74\" srcset=\"https:\/\/www.martech.qc.ca\/index\/wp-content\/uploads\/2016\/02\/CONTACT_C.jpg 560w, https:\/\/www.martech.qc.ca\/index\/wp-content\/uploads\/2016\/02\/CONTACT_C-300x40.jpg 300w\" sizes=\"(max-width: 560px) 100vw, 560px\" \/><\/a><\/p>\n","protected":false},"featured_media":70713,"comment_status":"closed","ping_status":"closed","template":"","meta":{"_acf_changed":false},"product_cat":[34],"product_tag":[],"acf":[],"_links":{"self":[{"href":"https:\/\/www.martech.qc.ca\/index\/wp-json\/wp\/v2\/product\/70712"}],"collection":[{"href":"https:\/\/www.martech.qc.ca\/index\/wp-json\/wp\/v2\/product"}],"about":[{"href":"https:\/\/www.martech.qc.ca\/index\/wp-json\/wp\/v2\/types\/product"}],"replies":[{"embeddable":true,"href":"https:\/\/www.martech.qc.ca\/index\/wp-json\/wp\/v2\/comments?post=70712"}],"wp:featuredmedia":[{"embeddable":true,"href":"https:\/\/www.martech.qc.ca\/index\/wp-json\/wp\/v2\/media\/70713"}],"wp:attachment":[{"href":"https:\/\/www.martech.qc.ca\/index\/wp-json\/wp\/v2\/media?parent=70712"}],"wp:term":[{"taxonomy":"product_cat","embeddable":true,"href":"https:\/\/www.martech.qc.ca\/index\/wp-json\/wp\/v2\/product_cat?post=70712"},{"taxonomy":"product_tag","embeddable":true,"href":"https:\/\/www.martech.qc.ca\/index\/wp-json\/wp\/v2\/product_tag?post=70712"}],"curies":[{"name":"wp","href":"https:\/\/api.w.org\/{rel}","templated":true}]}}