{"id":70670,"date":"2016-09-29T19:25:30","date_gmt":"2016-09-29T19:25:30","guid":{"rendered":"http:\/\/www.martech.qc.ca\/index.php\/produit\/poteau_rond\/"},"modified":"2016-10-04T12:47:33","modified_gmt":"2016-10-04T12:47:33","slug":"poteau_signalisation_rond","status":"publish","type":"product","link":"https:\/\/www.martech.qc.ca\/index\/produit\/poteau_signalisation_rond\/","title":{"rendered":"Poteau Rond"},"content":{"rendered":"<p>Robuste et tr\u00e8s esth\u00e9tique, le poteau rond\u00a0pour enseignes de signalisation est offert en acier galvanis\u00e9 \u00e0 chaud, acier peint ou acier galvanis\u00e9 peint.<\/p>\n","protected":false},"excerpt":{"rendered":"<p>Robuste et tr\u00e8s esth\u00e9tique, le poteau rond\u00a0pour enseignes de signalisation est offert en acier galvanis\u00e9 \u00e0 chaud, acier peint ou acier galvanis\u00e9 peint.<\/p>\n<p>&nbsp;<\/p>\n<p><a href=\"http:\/\/www.martech.qc.ca\/index.php\/contact\/\" rel=\"attachment wp-att-66946\"><img loading=\"lazy\" decoding=\"async\" class=\"alignnone wp-image-66946 size-full\" src=\"http:\/\/www.martech.qc.ca\/wp-content\/uploads\/2016\/02\/CONTACT_C.jpg\" alt=\"Contactez-nous pour une soumission gratuite!\" width=\"560\" height=\"74\" srcset=\"https:\/\/www.martech.qc.ca\/index\/wp-content\/uploads\/2016\/02\/CONTACT_C.jpg 560w, https:\/\/www.martech.qc.ca\/index\/wp-content\/uploads\/2016\/02\/CONTACT_C-300x40.jpg 300w\" sizes=\"(max-width: 560px) 100vw, 560px\" \/><\/a><\/p>\n","protected":false},"featured_media":70672,"comment_status":"closed","ping_status":"closed","template":"","meta":{"_acf_changed":false},"product_cat":[34],"product_tag":[],"acf":[],"_links":{"self":[{"href":"https:\/\/www.martech.qc.ca\/index\/wp-json\/wp\/v2\/product\/70670"}],"collection":[{"href":"https:\/\/www.martech.qc.ca\/index\/wp-json\/wp\/v2\/product"}],"about":[{"href":"https:\/\/www.martech.qc.ca\/index\/wp-json\/wp\/v2\/types\/product"}],"replies":[{"embeddable":true,"href":"https:\/\/www.martech.qc.ca\/index\/wp-json\/wp\/v2\/comments?post=70670"}],"wp:featuredmedia":[{"embeddable":true,"href":"https:\/\/www.martech.qc.ca\/index\/wp-json\/wp\/v2\/media\/70672"}],"wp:attachment":[{"href":"https:\/\/www.martech.qc.ca\/index\/wp-json\/wp\/v2\/media?parent=70670"}],"wp:term":[{"taxonomy":"product_cat","embeddable":true,"href":"https:\/\/www.martech.qc.ca\/index\/wp-json\/wp\/v2\/product_cat?post=70670"},{"taxonomy":"product_tag","embeddable":true,"href":"https:\/\/www.martech.qc.ca\/index\/wp-json\/wp\/v2\/product_tag?post=70670"}],"curies":[{"name":"wp","href":"https:\/\/api.w.org\/{rel}","templated":true}]}}