{"id":70667,"date":"2016-09-29T17:31:21","date_gmt":"2016-09-29T17:31:21","guid":{"rendered":"http:\/\/www.martech.qc.ca\/index.php\/produit\/catadioptre\/"},"modified":"2016-10-04T12:43:41","modified_gmt":"2016-10-04T12:43:41","slug":"poteau_catadioptre","status":"publish","type":"product","link":"https:\/\/www.martech.qc.ca\/index\/produit\/poteau_catadioptre\/","title":{"rendered":"Catadioptre (1,36 lb \/ pied) L7X"},"content":{"rendered":"<p>Le poteau Catadioptre est id\u00e9al pour les d\u00e9lin\u00e9ateurs et petits panneaux.\u00a0\u00a0Ce poteau homologu\u00e9 L7X est fabriqu\u00e9 selon la norme gouvernementale #3347-320.\u00a0Il\u00a0est galvanis\u00e9 \u00e0 chaud selon la norme gouvernementale CSA-G164 pour assurer une protection efficace contre la rouille.<\/p>\n<p>Muni de 5 perforations pour permettre la fixation de plaquettes d&rsquo;indication routi\u00e8re. La 1\u00e8re perforation est situ\u00e9e \u00e0 1 pouce du haut du poteau, la seconde \u00e0 5 pouces de la 1\u00e8re, puis les suivantes respectivement \u00e0 3\u2033, 2\u2033 et 2\u2033 l&rsquo;une de l&rsquo;autre.<\/p>\n","protected":false},"excerpt":{"rendered":"<p>Le poteau Catadioptre est id\u00e9al pour les d\u00e9lin\u00e9ateurs et petits panneaux.\u00a0\u00a0Ce poteau homologu\u00e9 L7X est fabriqu\u00e9 selon la norme gouvernementale #3347-320.\u00a0Il\u00a0est galvanis\u00e9 \u00e0 chaud selon la norme gouvernementale CSA-G164 pour assurer une protection efficace contre la rouille.<\/p>\n<p>Muni de 5 perforations pour permettre la fixation de plaquettes d&rsquo;indication routi\u00e8re. La 1\u00e8re perforation est situ\u00e9e \u00e0 1 pouce du haut du poteau, la seconde \u00e0 5 pouces de la 1\u00e8re, puis les suivantes respectivement \u00e0 3\u2033, 2\u2033 et 2\u2033 l&rsquo;une de l&rsquo;autre.<\/p>\n<p><a href=\"http:\/\/www.martech.qc.ca\/index.php\/contact\/\" rel=\"attachment wp-att-66946\"><img loading=\"lazy\" decoding=\"async\" class=\"alignnone wp-image-66946 size-full\" src=\"http:\/\/www.martech.qc.ca\/wp-content\/uploads\/2016\/02\/CONTACT_C.jpg\" alt=\"Contactez-nous pour une soumission gratuite!\" width=\"560\" height=\"74\" srcset=\"https:\/\/www.martech.qc.ca\/index\/wp-content\/uploads\/2016\/02\/CONTACT_C.jpg 560w, https:\/\/www.martech.qc.ca\/index\/wp-content\/uploads\/2016\/02\/CONTACT_C-300x40.jpg 300w\" sizes=\"(max-width: 560px) 100vw, 560px\" \/><\/a><\/p>\n","protected":false},"featured_media":70669,"comment_status":"closed","ping_status":"closed","template":"","meta":{"_acf_changed":false},"product_cat":[34],"product_tag":[],"acf":[],"_links":{"self":[{"href":"https:\/\/www.martech.qc.ca\/index\/wp-json\/wp\/v2\/product\/70667"}],"collection":[{"href":"https:\/\/www.martech.qc.ca\/index\/wp-json\/wp\/v2\/product"}],"about":[{"href":"https:\/\/www.martech.qc.ca\/index\/wp-json\/wp\/v2\/types\/product"}],"replies":[{"embeddable":true,"href":"https:\/\/www.martech.qc.ca\/index\/wp-json\/wp\/v2\/comments?post=70667"}],"wp:featuredmedia":[{"embeddable":true,"href":"https:\/\/www.martech.qc.ca\/index\/wp-json\/wp\/v2\/media\/70669"}],"wp:attachment":[{"href":"https:\/\/www.martech.qc.ca\/index\/wp-json\/wp\/v2\/media?parent=70667"}],"wp:term":[{"taxonomy":"product_cat","embeddable":true,"href":"https:\/\/www.martech.qc.ca\/index\/wp-json\/wp\/v2\/product_cat?post=70667"},{"taxonomy":"product_tag","embeddable":true,"href":"https:\/\/www.martech.qc.ca\/index\/wp-json\/wp\/v2\/product_tag?post=70667"}],"curies":[{"name":"wp","href":"https:\/\/api.w.org\/{rel}","templated":true}]}}