{"id":70648,"date":"2016-09-29T15:36:39","date_gmt":"2016-09-29T15:36:39","guid":{"rendered":"http:\/\/www.martech.qc.ca\/index.php\/produit\/type3\/"},"modified":"2016-12-02T19:11:30","modified_gmt":"2016-12-02T19:11:30","slug":"type3","status":"publish","type":"product","link":"https:\/\/www.martech.qc.ca\/index\/produit\/type3\/","title":{"rendered":"Type 3 (2,10 lb \/ pied)"},"content":{"rendered":"<p><strong>Le poteau standard de calibre sup\u00e9rieur pour enseignes routi\u00e8res.<\/strong><\/p>\n<p>Le Martech Type 3, un poteau fait d&rsquo;acier form\u00e9 \u00e0 chaud en fonderie est id\u00e9al pour tous types de panneaux de\u00a0signalisation. Ce poteau respecte rigoureusement toutes les normes gouvernementales relatives aux poteaux de signalisation (HOM 6310-101). Poteau trait\u00e9 par galvanisation \u00e0 chaud selon la norme ASTM-A123 avec pointe effil\u00e9e facilement ins\u00e9rable dans le sol.<\/p>\n<p>Muni de perforations \u00e0 tous les 2\u2033 (5.08 cm) centre-\u00e0-centre sur toute la longueur du poteau.<\/p>\n<p><strong>Syst\u00e8me \u00e0 manchon d&rsquo;ancrage:\u00a0<\/strong>l&rsquo;installation est grandement facilit\u00e9e, car une seule personne peut facilement installer le poteau sans \u00e9chelle ou camion.<\/p>\n","protected":false},"excerpt":{"rendered":"<p><strong>Le poteau standard de calibre sup\u00e9rieur pour enseignes routi\u00e8res.<\/strong><\/p>\n<p>Le Martech Type 3, un poteau fait d&rsquo;acier form\u00e9 \u00e0 chaud en fonderie est id\u00e9al pour tous types de panneaux de\u00a0signalisation. Ce poteau respecte rigoureusement toutes les normes gouvernementales relatives aux poteaux de signalisation (HOM 6310-101). Poteau trait\u00e9 par galvanisation \u00e0 chaud selon la norme ASTM-A123 avec pointe effil\u00e9e facilement ins\u00e9rable dans le sol.<\/p>\n<p>Muni de perforations \u00e0 tous les 2\u2033 (5.08 cm) centre-\u00e0-centre sur toute la longueur du poteau.<\/p>\n<p><strong>Syst\u00e8me \u00e0 manchon d&rsquo;ancrage:\u00a0<\/strong>l&rsquo;installation est grandement facilit\u00e9e, car une seule personne peut facilement installer le poteau sans \u00e9chelle ou camion.<\/p>\n<p><a href=\"http:\/\/www.martech.qc.ca\/index.php\/contact\/\" rel=\"attachment wp-att-66946\"><img loading=\"lazy\" decoding=\"async\" class=\"alignnone wp-image-66946 size-full\" src=\"http:\/\/www.martech.qc.ca\/wp-content\/uploads\/2016\/02\/CONTACT_C.jpg\" alt=\"Contactez-nous pour une soumission gratuite!\" width=\"560\" height=\"74\" srcset=\"https:\/\/www.martech.qc.ca\/index\/wp-content\/uploads\/2016\/02\/CONTACT_C.jpg 560w, https:\/\/www.martech.qc.ca\/index\/wp-content\/uploads\/2016\/02\/CONTACT_C-300x40.jpg 300w\" sizes=\"(max-width: 560px) 100vw, 560px\" \/><\/a><\/p>\n","protected":false},"featured_media":70651,"comment_status":"closed","ping_status":"closed","template":"","meta":{"_acf_changed":false},"product_cat":[34],"product_tag":[],"acf":[],"_links":{"self":[{"href":"https:\/\/www.martech.qc.ca\/index\/wp-json\/wp\/v2\/product\/70648"}],"collection":[{"href":"https:\/\/www.martech.qc.ca\/index\/wp-json\/wp\/v2\/product"}],"about":[{"href":"https:\/\/www.martech.qc.ca\/index\/wp-json\/wp\/v2\/types\/product"}],"replies":[{"embeddable":true,"href":"https:\/\/www.martech.qc.ca\/index\/wp-json\/wp\/v2\/comments?post=70648"}],"wp:featuredmedia":[{"embeddable":true,"href":"https:\/\/www.martech.qc.ca\/index\/wp-json\/wp\/v2\/media\/70651"}],"wp:attachment":[{"href":"https:\/\/www.martech.qc.ca\/index\/wp-json\/wp\/v2\/media?parent=70648"}],"wp:term":[{"taxonomy":"product_cat","embeddable":true,"href":"https:\/\/www.martech.qc.ca\/index\/wp-json\/wp\/v2\/product_cat?post=70648"},{"taxonomy":"product_tag","embeddable":true,"href":"https:\/\/www.martech.qc.ca\/index\/wp-json\/wp\/v2\/product_tag?post=70648"}],"curies":[{"name":"wp","href":"https:\/\/api.w.org\/{rel}","templated":true}]}}