{"id":70557,"date":"2016-05-03T19:41:25","date_gmt":"2016-05-03T19:41:25","guid":{"rendered":"http:\/\/www.martech.qc.ca\/index.php\/produit\/t-80-11\/"},"modified":"2016-05-03T19:43:17","modified_gmt":"2016-05-03T19:43:17","slug":"t-80-11","status":"publish","type":"product","link":"https:\/\/www.martech.qc.ca\/index\/produit\/t-80-11\/","title":{"rendered":"T-80-11"},"content":{"rendered":"<div class=\"champGeneral\">\n<div class=\"infoDetail\">\n<div class=\"champGeneral\">\n<div class=\"infoDetail\">Les panneaux T-80-1 \u00e0 T-80-11 indiquent que l\u2019endroit vis\u00e9 par le panneau est temporairement ferm\u00e9 \u00e0 la circulation. Ces panneaux doivent \u00eatre accompagn\u00e9s des panneaux \u00ab D\u00e9tour \u00bb (T-90).<\/div>\n<\/div>\n<div class=\"champGeneral\"><\/div>\n<\/div>\n<\/div>\n","protected":false},"excerpt":{"rendered":"<div class=\"desc_libelle\">\n<div class=\"champGeneral\">\n<div class=\"infoDetail\">\n<div class=\"champGeneral\">\n<div class=\"infoDetail\">\n<div class=\"champGeneral\">\n<div class=\"infoDetail\">\n<div class=\"champGeneral\">\n<div class=\"infoDetail\">\n<div class=\"champGeneral\">\n<div class=\"infoDetail\">Les panneaux T-80-1 \u00e0 T-80-11 indiquent que l\u2019endroit vis\u00e9 par le panneau est temporairement ferm\u00e9 \u00e0 la circulation. Ces panneaux doivent \u00eatre accompagn\u00e9s des panneaux \u00ab D\u00e9tour \u00bb (T-90).<\/div>\n<\/div>\n<\/div>\n<\/div>\n<\/div>\n<\/div>\n<\/div>\n<\/div>\n<\/div>\n<\/div>\n<\/div>\n","protected":false},"featured_media":70558,"comment_status":"closed","ping_status":"closed","template":"","meta":{"_acf_changed":false},"product_cat":[45],"product_tag":[],"acf":[],"_links":{"self":[{"href":"https:\/\/www.martech.qc.ca\/index\/wp-json\/wp\/v2\/product\/70557"}],"collection":[{"href":"https:\/\/www.martech.qc.ca\/index\/wp-json\/wp\/v2\/product"}],"about":[{"href":"https:\/\/www.martech.qc.ca\/index\/wp-json\/wp\/v2\/types\/product"}],"replies":[{"embeddable":true,"href":"https:\/\/www.martech.qc.ca\/index\/wp-json\/wp\/v2\/comments?post=70557"}],"wp:featuredmedia":[{"embeddable":true,"href":"https:\/\/www.martech.qc.ca\/index\/wp-json\/wp\/v2\/media\/70558"}],"wp:attachment":[{"href":"https:\/\/www.martech.qc.ca\/index\/wp-json\/wp\/v2\/media?parent=70557"}],"wp:term":[{"taxonomy":"product_cat","embeddable":true,"href":"https:\/\/www.martech.qc.ca\/index\/wp-json\/wp\/v2\/product_cat?post=70557"},{"taxonomy":"product_tag","embeddable":true,"href":"https:\/\/www.martech.qc.ca\/index\/wp-json\/wp\/v2\/product_tag?post=70557"}],"curies":[{"name":"wp","href":"https:\/\/api.w.org\/{rel}","templated":true}]}}