{"id":70553,"date":"2016-05-03T19:15:48","date_gmt":"2016-05-03T19:15:48","guid":{"rendered":"http:\/\/www.martech.qc.ca\/index.php\/produit\/t-75\/"},"modified":"2016-05-03T19:38:01","modified_gmt":"2016-05-03T19:38:01","slug":"t-75","status":"publish","type":"product","link":"https:\/\/www.martech.qc.ca\/index\/produit\/t-75\/","title":{"rendered":"T-75"},"content":{"rendered":"<div class=\"champGeneral\">\n<div class=\"infoDetail\">\n<div class=\"champGeneral\">\n<div class=\"infoDetail\">Les panneaux \u00abR\u00e9glementation temporaire du stationnement\u00bb (T-75) indiquent les endroits o\u00f9 le stationnement est interdit de fa\u00e7on temporaire \u00e0 proximit\u00e9 d\u2019une aire de travail ou lors d\u2019\u00e9v\u00e9nements sp\u00e9ciaux et d\u2019op\u00e9rations d\u2019entretien routier. Lorsqu\u2019ils sont utilis\u00e9s, ces panneaux ont priorit\u00e9 sur la r\u00e9glementation des panneaux \u00abStationnement r\u00e9glement\u00e9\u00bb (P-150).<\/div>\n<\/div>\n<p>&nbsp;<\/p>\n<div class=\"champGeneral\"><\/div>\n<\/div>\n<\/div>\n","protected":false},"excerpt":{"rendered":"<div class=\"desc_libelle\">\n<div class=\"champGeneral\">\n<div class=\"infoDetail\">\n<div class=\"champGeneral\">\n<div class=\"infoDetail\">\n<div class=\"champGeneral\">\n<div class=\"infoDetail\">\n<div class=\"champGeneral\">\n<div class=\"infoDetail\">\n<div class=\"champGeneral\">\n<div class=\"infoDetail\">Les panneaux \u00abR\u00e9glementation temporaire du stationnement\u00bb (T-75) indiquent les endroits o\u00f9 le stationnement est interdit de fa\u00e7on temporaire \u00e0 proximit\u00e9 d\u2019une aire de travail ou lors d\u2019\u00e9v\u00e9nements sp\u00e9ciaux et d\u2019op\u00e9rations d\u2019entretien routier. Lorsqu\u2019ils sont utilis\u00e9s, ces panneaux ont priorit\u00e9 sur la r\u00e9glementation des panneaux \u00abStationnement r\u00e9glement\u00e9\u00bb (P-150).<\/div>\n<\/div>\n<div class=\"champGeneral\"><\/div>\n<\/div>\n<\/div>\n<\/div>\n<\/div>\n<\/div>\n<\/div>\n<\/div>\n<\/div>\n<\/div>\n","protected":false},"featured_media":70554,"comment_status":"closed","ping_status":"closed","template":"","meta":{"_acf_changed":false},"product_cat":[45],"product_tag":[],"acf":[],"_links":{"self":[{"href":"https:\/\/www.martech.qc.ca\/index\/wp-json\/wp\/v2\/product\/70553"}],"collection":[{"href":"https:\/\/www.martech.qc.ca\/index\/wp-json\/wp\/v2\/product"}],"about":[{"href":"https:\/\/www.martech.qc.ca\/index\/wp-json\/wp\/v2\/types\/product"}],"replies":[{"embeddable":true,"href":"https:\/\/www.martech.qc.ca\/index\/wp-json\/wp\/v2\/comments?post=70553"}],"wp:featuredmedia":[{"embeddable":true,"href":"https:\/\/www.martech.qc.ca\/index\/wp-json\/wp\/v2\/media\/70554"}],"wp:attachment":[{"href":"https:\/\/www.martech.qc.ca\/index\/wp-json\/wp\/v2\/media?parent=70553"}],"wp:term":[{"taxonomy":"product_cat","embeddable":true,"href":"https:\/\/www.martech.qc.ca\/index\/wp-json\/wp\/v2\/product_cat?post=70553"},{"taxonomy":"product_tag","embeddable":true,"href":"https:\/\/www.martech.qc.ca\/index\/wp-json\/wp\/v2\/product_tag?post=70553"}],"curies":[{"name":"wp","href":"https:\/\/api.w.org\/{rel}","templated":true}]}}