{"id":70550,"date":"2016-05-03T19:14:22","date_gmt":"2016-05-03T19:14:22","guid":{"rendered":"http:\/\/www.martech.qc.ca\/index.php\/produit\/t-70-2-50\/"},"modified":"2016-05-03T19:15:34","modified_gmt":"2016-05-03T19:15:34","slug":"t-70-2-50","status":"publish","type":"product","link":"https:\/\/www.martech.qc.ca\/index\/produit\/t-70-2-50\/","title":{"rendered":"T-70-2-50"},"content":{"rendered":"<div class=\"champGeneral\">\n<div class=\"infoDetail\">\n<div class=\"champGeneral\">\n<div class=\"infoDetail\">Les panneaux \u00abLimite de vitesse\u00bb (T-70) indiquent la vitesse maximale autoris\u00e9e \u00e0 proximit\u00e9 d\u2019une aire de travail. Elle doit \u00eatre indiqu\u00e9e par un nombre dont le dernier chiffre est 0.<\/div>\n<\/div>\n<p>&nbsp;<\/p>\n<div class=\"champGeneral\"><\/div>\n<\/div>\n<\/div>\n","protected":false},"excerpt":{"rendered":"<div class=\"desc_libelle\">\n<div class=\"champGeneral\">\n<div class=\"infoDetail\">\n<div class=\"champGeneral\">\n<div class=\"infoDetail\">\n<div class=\"champGeneral\">\n<div class=\"infoDetail\">\n<div class=\"champGeneral\">\n<div class=\"infoDetail\">\n<div class=\"champGeneral\">\n<div class=\"infoDetail\">Les panneaux \u00abLimite de vitesse\u00bb (T-70) indiquent la vitesse maximale autoris\u00e9e \u00e0 proximit\u00e9 d\u2019une aire de travail. Elle doit \u00eatre indiqu\u00e9e par un nombre dont le dernier chiffre est 0.<\/div>\n<\/div>\n<div class=\"champGeneral\"><\/div>\n<\/div>\n<\/div>\n<\/div>\n<\/div>\n<\/div>\n<\/div>\n<\/div>\n<\/div>\n<\/div>\n","protected":false},"featured_media":70551,"comment_status":"closed","ping_status":"closed","template":"","meta":{"_acf_changed":false},"product_cat":[45],"product_tag":[],"acf":[],"_links":{"self":[{"href":"https:\/\/www.martech.qc.ca\/index\/wp-json\/wp\/v2\/product\/70550"}],"collection":[{"href":"https:\/\/www.martech.qc.ca\/index\/wp-json\/wp\/v2\/product"}],"about":[{"href":"https:\/\/www.martech.qc.ca\/index\/wp-json\/wp\/v2\/types\/product"}],"replies":[{"embeddable":true,"href":"https:\/\/www.martech.qc.ca\/index\/wp-json\/wp\/v2\/comments?post=70550"}],"wp:featuredmedia":[{"embeddable":true,"href":"https:\/\/www.martech.qc.ca\/index\/wp-json\/wp\/v2\/media\/70551"}],"wp:attachment":[{"href":"https:\/\/www.martech.qc.ca\/index\/wp-json\/wp\/v2\/media?parent=70550"}],"wp:term":[{"taxonomy":"product_cat","embeddable":true,"href":"https:\/\/www.martech.qc.ca\/index\/wp-json\/wp\/v2\/product_cat?post=70550"},{"taxonomy":"product_tag","embeddable":true,"href":"https:\/\/www.martech.qc.ca\/index\/wp-json\/wp\/v2\/product_tag?post=70550"}],"curies":[{"name":"wp","href":"https:\/\/api.w.org\/{rel}","templated":true}]}}