{"id":70544,"date":"2016-05-03T19:05:32","date_gmt":"2016-05-03T19:05:32","guid":{"rendered":"http:\/\/www.martech.qc.ca\/index.php\/produit\/t-50-13\/"},"modified":"2016-05-03T19:06:43","modified_gmt":"2016-05-03T19:06:43","slug":"t-50-13","status":"publish","type":"product","link":"https:\/\/www.martech.qc.ca\/index\/produit\/t-50-13\/","title":{"rendered":"T-50-13"},"content":{"rendered":"<div class=\"champGeneral\">\n<div class=\"infoDetail\">\n<p>Le panneau \u00ab Incident \u00bb (T-50-13) est utilis\u00e9 pour indiquer qu\u2019un \u00e9v\u00e8nement fortuit et impr\u00e9visible de courte dur\u00e9e survenu sur la route cause un ralentissement de la circulation ou de la congestion.<\/p>\n<\/div>\n<\/div>\n","protected":false},"excerpt":{"rendered":"<div class=\"desc_libelle\">\n<div class=\"champGeneral\">\n<div class=\"infoDetail\">\n<div class=\"champGeneral\">\n<div class=\"infoDetail\">\n<div class=\"champGeneral\">\n<div class=\"infoDetail\">\n<div class=\"champGeneral\">\n<div class=\"infoDetail\">\n<p>Le panneau \u00ab Incident \u00bb (T-50-13) est utilis\u00e9 pour indiquer qu\u2019un \u00e9v\u00e8nement fortuit et impr\u00e9visible de courte dur\u00e9e survenu sur la route cause un ralentissement de la circulation ou de la congestion.<\/p>\n<\/div>\n<\/div>\n<\/div>\n<\/div>\n<\/div>\n<\/div>\n<\/div>\n<\/div>\n<\/div>\n","protected":false},"featured_media":70545,"comment_status":"closed","ping_status":"closed","template":"","meta":{"_acf_changed":false},"product_cat":[45],"product_tag":[],"acf":[],"_links":{"self":[{"href":"https:\/\/www.martech.qc.ca\/index\/wp-json\/wp\/v2\/product\/70544"}],"collection":[{"href":"https:\/\/www.martech.qc.ca\/index\/wp-json\/wp\/v2\/product"}],"about":[{"href":"https:\/\/www.martech.qc.ca\/index\/wp-json\/wp\/v2\/types\/product"}],"replies":[{"embeddable":true,"href":"https:\/\/www.martech.qc.ca\/index\/wp-json\/wp\/v2\/comments?post=70544"}],"wp:featuredmedia":[{"embeddable":true,"href":"https:\/\/www.martech.qc.ca\/index\/wp-json\/wp\/v2\/media\/70545"}],"wp:attachment":[{"href":"https:\/\/www.martech.qc.ca\/index\/wp-json\/wp\/v2\/media?parent=70544"}],"wp:term":[{"taxonomy":"product_cat","embeddable":true,"href":"https:\/\/www.martech.qc.ca\/index\/wp-json\/wp\/v2\/product_cat?post=70544"},{"taxonomy":"product_tag","embeddable":true,"href":"https:\/\/www.martech.qc.ca\/index\/wp-json\/wp\/v2\/product_tag?post=70544"}],"curies":[{"name":"wp","href":"https:\/\/api.w.org\/{rel}","templated":true}]}}