{"id":70538,"date":"2016-05-03T19:00:32","date_gmt":"2016-05-03T19:00:32","guid":{"rendered":"http:\/\/www.martech.qc.ca\/index.php\/produit\/t-50-11-d\/"},"modified":"2016-05-03T19:01:57","modified_gmt":"2016-05-03T19:01:57","slug":"t-50-11-d","status":"publish","type":"product","link":"https:\/\/www.martech.qc.ca\/index\/produit\/t-50-11-d\/","title":{"rendered":"T-50-11-D"},"content":{"rendered":"<div class=\"champGeneral\">\n<div class=\"infoDetail\">\n<p>Lorsque les travaux sont r\u00e9alis\u00e9s dans une bretelle de sortie ou aux abords de celle-ci, le panneau T-50-11 doit \u00eatre install\u00e9 comme suit et conform\u00e9ment \u00e0 la figure 4.14\u20132 :<\/p>\n<p>a) Si la s\u00e9quence de panneaux menant \u00e0 l\u2019aire de travail ne se poursuit pas sur la route principale, le panneau T-50-11 doit \u00eatre install\u00e9 \u00e0 une distance 2B du d\u00e9but du biseau de la bretelle de sortie.<\/p>\n<p>b) Si la s\u00e9quence de panneaux menant \u00e0 l\u2019aire de travail se poursuit sur la route principale, le panneau T-50-11 doit \u00eatre install\u00e9 en lieu et place du panneau T-50-1.<\/p>\n<p>Le panneau T-50-11-D doit \u00eatre utilis\u00e9 pour les bretelles de sortie \u00e0 droite.<\/p>\n<\/div>\n<\/div>\n","protected":false},"excerpt":{"rendered":"<div class=\"desc_libelle\">\n<div class=\"champGeneral\">\n<div class=\"infoDetail\">\n<div class=\"champGeneral\">\n<div class=\"infoDetail\">\n<div class=\"champGeneral\">\n<div class=\"infoDetail\">\n<div class=\"champGeneral\">\n<div class=\"infoDetail\">\n<p>Lorsque les travaux sont r\u00e9alis\u00e9s dans une bretelle de sortie ou aux abords de celle-ci, le panneau T-50-11 doit \u00eatre install\u00e9 comme suit et conform\u00e9ment \u00e0 la figure 4.14\u20132 :<\/p>\n<p>a) Si la s\u00e9quence de panneaux menant \u00e0 l\u2019aire de travail ne se poursuit pas sur la route principale, le panneau T-50-11 doit \u00eatre install\u00e9 \u00e0 une distance 2B du d\u00e9but du biseau de la bretelle de sortie.<\/p>\n<p>b) Si la s\u00e9quence de panneaux menant \u00e0 l\u2019aire de travail se poursuit sur la route principale, le panneau T-50-11 doit \u00eatre install\u00e9 en lieu et place du panneau T-50-1.<\/p>\n<p>Le panneau T-50-11-D doit \u00eatre utilis\u00e9 pour les bretelles de sortie \u00e0 droite.<\/p>\n<\/div>\n<\/div>\n<\/div>\n<\/div>\n<\/div>\n<\/div>\n<\/div>\n<\/div>\n<\/div>\n","protected":false},"featured_media":70539,"comment_status":"closed","ping_status":"closed","template":"","meta":{"_acf_changed":false},"product_cat":[45],"product_tag":[],"acf":[],"_links":{"self":[{"href":"https:\/\/www.martech.qc.ca\/index\/wp-json\/wp\/v2\/product\/70538"}],"collection":[{"href":"https:\/\/www.martech.qc.ca\/index\/wp-json\/wp\/v2\/product"}],"about":[{"href":"https:\/\/www.martech.qc.ca\/index\/wp-json\/wp\/v2\/types\/product"}],"replies":[{"embeddable":true,"href":"https:\/\/www.martech.qc.ca\/index\/wp-json\/wp\/v2\/comments?post=70538"}],"wp:featuredmedia":[{"embeddable":true,"href":"https:\/\/www.martech.qc.ca\/index\/wp-json\/wp\/v2\/media\/70539"}],"wp:attachment":[{"href":"https:\/\/www.martech.qc.ca\/index\/wp-json\/wp\/v2\/media?parent=70538"}],"wp:term":[{"taxonomy":"product_cat","embeddable":true,"href":"https:\/\/www.martech.qc.ca\/index\/wp-json\/wp\/v2\/product_cat?post=70538"},{"taxonomy":"product_tag","embeddable":true,"href":"https:\/\/www.martech.qc.ca\/index\/wp-json\/wp\/v2\/product_tag?post=70538"}],"curies":[{"name":"wp","href":"https:\/\/api.w.org\/{rel}","templated":true}]}}