{"id":70531,"date":"2016-05-03T18:19:54","date_gmt":"2016-05-03T18:19:54","guid":{"rendered":"http:\/\/www.martech.qc.ca\/index.php\/produit\/t-250-p-3-2\/"},"modified":"2016-05-03T18:24:04","modified_gmt":"2016-05-03T18:24:04","slug":"t-250-p-3-2","status":"publish","type":"product","link":"https:\/\/www.martech.qc.ca\/index\/produit\/t-250-p-3-2\/","title":{"rendered":"T-250-P-3"},"content":{"rendered":"<div class=\"champGeneral\">\n<div class=\"infoDetail\">\n<p>Les panonceaux d&rsquo;\u00e9tendue des travaux (T-250-P) indiquent le d\u00e9but d&rsquo;une zone de travaux ainsi que la distance sur laquelle elle s&rsquo;\u00e9tend. Les panonceaux d&rsquo;\u00e9tendues doivent \u00eatre install\u00e9s sous les panneaux de travaux qu&rsquo;ils compl\u00e8tent.<\/p>\n<\/div>\n<\/div>\n","protected":false},"excerpt":{"rendered":"<div class=\"desc_libelle\">\n<div class=\"champGeneral\">\n<div class=\"infoDetail\">\n<div class=\"champGeneral\">\n<div class=\"infoDetail\">\n<div class=\"champGeneral\">\n<div class=\"infoDetail\">\n<div class=\"champGeneral\">\n<div class=\"infoDetail\">\n<p>Les panonceaux d&rsquo;\u00e9tendue des travaux (T-250-P) indiquent le d\u00e9but d&rsquo;une zone de travaux ainsi que la distance sur laquelle elle s&rsquo;\u00e9tend. Les panonceaux d&rsquo;\u00e9tendues doivent \u00eatre install\u00e9s sous les panneaux de travaux qu&rsquo;ils compl\u00e8tent.<\/p>\n<\/div>\n<\/div>\n<\/div>\n<\/div>\n<\/div>\n<\/div>\n<\/div>\n<\/div>\n<\/div>\n","protected":false},"featured_media":70532,"comment_status":"closed","ping_status":"closed","template":"","meta":{"_acf_changed":false},"product_cat":[45],"product_tag":[],"acf":[],"_links":{"self":[{"href":"https:\/\/www.martech.qc.ca\/index\/wp-json\/wp\/v2\/product\/70531"}],"collection":[{"href":"https:\/\/www.martech.qc.ca\/index\/wp-json\/wp\/v2\/product"}],"about":[{"href":"https:\/\/www.martech.qc.ca\/index\/wp-json\/wp\/v2\/types\/product"}],"replies":[{"embeddable":true,"href":"https:\/\/www.martech.qc.ca\/index\/wp-json\/wp\/v2\/comments?post=70531"}],"wp:featuredmedia":[{"embeddable":true,"href":"https:\/\/www.martech.qc.ca\/index\/wp-json\/wp\/v2\/media\/70532"}],"wp:attachment":[{"href":"https:\/\/www.martech.qc.ca\/index\/wp-json\/wp\/v2\/media?parent=70531"}],"wp:term":[{"taxonomy":"product_cat","embeddable":true,"href":"https:\/\/www.martech.qc.ca\/index\/wp-json\/wp\/v2\/product_cat?post=70531"},{"taxonomy":"product_tag","embeddable":true,"href":"https:\/\/www.martech.qc.ca\/index\/wp-json\/wp\/v2\/product_tag?post=70531"}],"curies":[{"name":"wp","href":"https:\/\/api.w.org\/{rel}","templated":true}]}}