{"id":70524,"date":"2016-05-03T18:11:12","date_gmt":"2016-05-03T18:11:12","guid":{"rendered":"http:\/\/www.martech.qc.ca\/index.php\/produit\/t-240-p-11-d\/"},"modified":"2021-03-30T14:17:37","modified_gmt":"2021-03-30T14:17:37","slug":"t-240-p-11-d","status":"publish","type":"product","link":"https:\/\/www.martech.qc.ca\/index\/produit\/t-240-p-11-d\/","title":{"rendered":"T-240-P-14-D"},"content":{"rendered":"<div class=\"champGeneral\">\n<div class=\"infoDetail\">\n<p>Lorsque les travaux sont r\u00e9alis\u00e9s \u00e0 proximit\u00e9 d&rsquo;une intersection. Le panonceau T-240-P-14 peut \u00eatre fix\u00e9 au-dessous du panneau T-50-1 pour indiquer l\u2019endroit o\u00f9 ont lieu les travaux ainsi que la distance pour les atteindre.<\/p>\n<\/div>\n<\/div>\n","protected":false},"excerpt":{"rendered":"<div class=\"desc_libelle\">\n<div class=\"champGeneral\">\n<div class=\"infoDetail\">\n<div class=\"champGeneral\">\n<div class=\"infoDetail\">\n<div class=\"champGeneral\">\n<div class=\"infoDetail\">\n<div class=\"champGeneral\">\n<div class=\"infoDetail\">\n<p>Lorsque les travaux sont r\u00e9alis\u00e9s \u00e0 proximit\u00e9 d&rsquo;une intersection. Le panonceau T-240-P-14 peut \u00eatre fix\u00e9 au-dessous du panneau T-50-1 pour indiquer l\u2019endroit o\u00f9 ont lieu les travaux ainsi que la distance pour les atteindre.<\/p>\n<\/div>\n<\/div>\n<\/div>\n<\/div>\n<\/div>\n<\/div>\n<\/div>\n<\/div>\n<\/div>\n","protected":false},"featured_media":70525,"comment_status":"closed","ping_status":"closed","template":"","meta":{"_acf_changed":false},"product_cat":[45],"product_tag":[],"acf":[],"_links":{"self":[{"href":"https:\/\/www.martech.qc.ca\/index\/wp-json\/wp\/v2\/product\/70524"}],"collection":[{"href":"https:\/\/www.martech.qc.ca\/index\/wp-json\/wp\/v2\/product"}],"about":[{"href":"https:\/\/www.martech.qc.ca\/index\/wp-json\/wp\/v2\/types\/product"}],"replies":[{"embeddable":true,"href":"https:\/\/www.martech.qc.ca\/index\/wp-json\/wp\/v2\/comments?post=70524"}],"wp:featuredmedia":[{"embeddable":true,"href":"https:\/\/www.martech.qc.ca\/index\/wp-json\/wp\/v2\/media\/70525"}],"wp:attachment":[{"href":"https:\/\/www.martech.qc.ca\/index\/wp-json\/wp\/v2\/media?parent=70524"}],"wp:term":[{"taxonomy":"product_cat","embeddable":true,"href":"https:\/\/www.martech.qc.ca\/index\/wp-json\/wp\/v2\/product_cat?post=70524"},{"taxonomy":"product_tag","embeddable":true,"href":"https:\/\/www.martech.qc.ca\/index\/wp-json\/wp\/v2\/product_tag?post=70524"}],"curies":[{"name":"wp","href":"https:\/\/api.w.org\/{rel}","templated":true}]}}