{"id":70522,"date":"2016-05-03T18:09:52","date_gmt":"2016-05-03T18:09:52","guid":{"rendered":"http:\/\/www.martech.qc.ca\/index.php\/produit\/t-240-p-10-g\/"},"modified":"2016-05-03T18:10:59","modified_gmt":"2016-05-03T18:10:59","slug":"t-240-p-10-g","status":"publish","type":"product","link":"https:\/\/www.martech.qc.ca\/index\/produit\/t-240-p-10-g\/","title":{"rendered":"T-240-P-10-G"},"content":{"rendered":"<div class=\"champGeneral\">\n<div class=\"infoDetail\">\n<p>Les panonceaux d&#8217;emplacement (T-240-P-10), utilis\u00e9s avec les panneaux de passage appropri\u00e9s, indiquent l&rsquo;endroit o\u00f9 est situ\u00e9 un passage am\u00e9nag\u00e9 dans une zone de travaux. Les panonceaux d&#8217;emplacement doivent \u00eatre install\u00e9s sous les panneaux de travaux qu&rsquo;ils compl\u00e8tent.<\/p>\n<\/div>\n<\/div>\n","protected":false},"excerpt":{"rendered":"<div class=\"desc_libelle\">\n<div class=\"champGeneral\">\n<div class=\"infoDetail\">\n<div class=\"champGeneral\">\n<div class=\"infoDetail\">\n<div class=\"champGeneral\">\n<div class=\"infoDetail\">\n<div class=\"champGeneral\">\n<div class=\"infoDetail\">\n<p>Les panonceaux d&#8217;emplacement (T-240-P-10), utilis\u00e9s avec les panneaux de passage appropri\u00e9s, indiquent l&rsquo;endroit o\u00f9 est situ\u00e9 un passage am\u00e9nag\u00e9 dans une zone de travaux. Les panonceaux d&#8217;emplacement doivent \u00eatre install\u00e9s sous les panneaux de travaux qu&rsquo;ils compl\u00e8tent.<\/p>\n<\/div>\n<\/div>\n<\/div>\n<\/div>\n<\/div>\n<\/div>\n<\/div>\n<\/div>\n<\/div>\n","protected":false},"featured_media":70523,"comment_status":"closed","ping_status":"closed","template":"","meta":{"_acf_changed":false},"product_cat":[45],"product_tag":[],"acf":[],"_links":{"self":[{"href":"https:\/\/www.martech.qc.ca\/index\/wp-json\/wp\/v2\/product\/70522"}],"collection":[{"href":"https:\/\/www.martech.qc.ca\/index\/wp-json\/wp\/v2\/product"}],"about":[{"href":"https:\/\/www.martech.qc.ca\/index\/wp-json\/wp\/v2\/types\/product"}],"replies":[{"embeddable":true,"href":"https:\/\/www.martech.qc.ca\/index\/wp-json\/wp\/v2\/comments?post=70522"}],"wp:featuredmedia":[{"embeddable":true,"href":"https:\/\/www.martech.qc.ca\/index\/wp-json\/wp\/v2\/media\/70523"}],"wp:attachment":[{"href":"https:\/\/www.martech.qc.ca\/index\/wp-json\/wp\/v2\/media?parent=70522"}],"wp:term":[{"taxonomy":"product_cat","embeddable":true,"href":"https:\/\/www.martech.qc.ca\/index\/wp-json\/wp\/v2\/product_cat?post=70522"},{"taxonomy":"product_tag","embeddable":true,"href":"https:\/\/www.martech.qc.ca\/index\/wp-json\/wp\/v2\/product_tag?post=70522"}],"curies":[{"name":"wp","href":"https:\/\/api.w.org\/{rel}","templated":true}]}}