{"id":70518,"date":"2016-05-03T18:05:36","date_gmt":"2016-05-03T18:05:36","guid":{"rendered":"http:\/\/www.martech.qc.ca\/index.php\/produit\/t-165\/"},"modified":"2016-05-03T18:07:22","modified_gmt":"2016-05-03T18:07:22","slug":"t-165","status":"publish","type":"product","link":"https:\/\/www.martech.qc.ca\/index\/produit\/t-165\/","title":{"rendered":"T-165"},"content":{"rendered":"<div class=\"champGeneral\">\n<div class=\"infoDetail\">\n<p>Le panneau \u00ab Suivez ce v\u00e9hicule \u00bb (T-165) indique aux conducteurs le v\u00e9hicule escorte \u00e0 suivre lorsque la circulation est contr\u00f4l\u00e9e par un v\u00e9hicule escorte \u00e0 travers la zone de travaux. Le panneau T-165 doit \u00eatre install\u00e9 \u00e0 l&rsquo;arri\u00e8re du v\u00e9hicule escorte et \u00eatre fix\u00e9 \u00e0 la hauteur de l&rsquo;attache-remorque.<\/p>\n<\/div>\n<\/div>\n","protected":false},"excerpt":{"rendered":"<div class=\"desc_libelle\">\n<div class=\"champGeneral\">\n<div class=\"infoDetail\">\n<div class=\"champGeneral\">\n<div class=\"infoDetail\">\n<div class=\"champGeneral\">\n<div class=\"infoDetail\">\n<div class=\"champGeneral\">\n<div class=\"infoDetail\">\n<p>Le panneau \u00ab Suivez ce v\u00e9hicule \u00bb (T-165) indique aux conducteurs le v\u00e9hicule escorte \u00e0 suivre lorsque la circulation est contr\u00f4l\u00e9e par un v\u00e9hicule escorte \u00e0 travers la zone de travaux. Le panneau T-165 doit \u00eatre install\u00e9 \u00e0 l&rsquo;arri\u00e8re du v\u00e9hicule escorte et \u00eatre fix\u00e9 \u00e0 la hauteur de l&rsquo;attache-remorque.<\/p>\n<\/div>\n<\/div>\n<\/div>\n<\/div>\n<\/div>\n<\/div>\n<\/div>\n<\/div>\n<\/div>\n","protected":false},"featured_media":70519,"comment_status":"closed","ping_status":"closed","template":"","meta":{"_acf_changed":false},"product_cat":[45],"product_tag":[],"acf":[],"_links":{"self":[{"href":"https:\/\/www.martech.qc.ca\/index\/wp-json\/wp\/v2\/product\/70518"}],"collection":[{"href":"https:\/\/www.martech.qc.ca\/index\/wp-json\/wp\/v2\/product"}],"about":[{"href":"https:\/\/www.martech.qc.ca\/index\/wp-json\/wp\/v2\/types\/product"}],"replies":[{"embeddable":true,"href":"https:\/\/www.martech.qc.ca\/index\/wp-json\/wp\/v2\/comments?post=70518"}],"wp:featuredmedia":[{"embeddable":true,"href":"https:\/\/www.martech.qc.ca\/index\/wp-json\/wp\/v2\/media\/70519"}],"wp:attachment":[{"href":"https:\/\/www.martech.qc.ca\/index\/wp-json\/wp\/v2\/media?parent=70518"}],"wp:term":[{"taxonomy":"product_cat","embeddable":true,"href":"https:\/\/www.martech.qc.ca\/index\/wp-json\/wp\/v2\/product_cat?post=70518"},{"taxonomy":"product_tag","embeddable":true,"href":"https:\/\/www.martech.qc.ca\/index\/wp-json\/wp\/v2\/product_tag?post=70518"}],"curies":[{"name":"wp","href":"https:\/\/api.w.org\/{rel}","templated":true}]}}