{"id":70516,"date":"2016-05-03T18:02:59","date_gmt":"2016-05-03T18:02:59","guid":{"rendered":"http:\/\/www.martech.qc.ca\/index.php\/produit\/t-110-p-55\/"},"modified":"2016-05-03T18:04:33","modified_gmt":"2016-05-03T18:04:33","slug":"t-110-p-55","status":"publish","type":"product","link":"https:\/\/www.martech.qc.ca\/index\/produit\/t-110-p-55\/","title":{"rendered":"T-110-P-55"},"content":{"rendered":"<div class=\"champGeneral\">\n<div class=\"infoDetail\">\n<p>Le panonceau de vitesse recommand\u00e9e (T-110-P), indiquant la vitesse recommand\u00e9e, peut compl\u00e9ter les panneaux T-110-4, T-110-5 et T-110-8. La vitesse recommand\u00e9e dans une d\u00e9viation de voie doit faire l\u2019objet d\u2019une \u00e9tude technique appropri\u00e9e ou \u00eatre d\u00e9termin\u00e9e par un moyen technique appropri\u00e9, comme un inclinom\u00e8tre \u00e0 bille. Elle doit \u00eatre indiqu\u00e9e par un nombre dont le dernier chiffre est 5. Le panonceau est utilis\u00e9 lorsque la vitesse recommand\u00e9e est inf\u00e9rieure de 15 km\/h et plus par rapport \u00e0 la vitesse affich\u00e9e.<\/p>\n<\/div>\n<\/div>\n","protected":false},"excerpt":{"rendered":"<div class=\"desc_libelle\">\n<div class=\"champGeneral\">\n<div class=\"infoDetail\">\n<div class=\"champGeneral\">\n<div class=\"infoDetail\">\n<div class=\"champGeneral\">\n<div class=\"infoDetail\">\n<div class=\"champGeneral\">\n<div class=\"infoDetail\">\n<p>Le panonceau de vitesse recommand\u00e9e (T-110-P), indiquant la vitesse recommand\u00e9e, peut compl\u00e9ter les panneaux T-110-4, T-110-5 et T-110-8. La vitesse recommand\u00e9e dans une d\u00e9viation de voie doit faire l\u2019objet d\u2019une \u00e9tude technique appropri\u00e9e ou \u00eatre d\u00e9termin\u00e9e par un moyen technique appropri\u00e9, comme un inclinom\u00e8tre \u00e0 bille. Elle doit \u00eatre indiqu\u00e9e par un nombre dont le dernier chiffre est 5. Le panonceau est utilis\u00e9 lorsque la vitesse recommand\u00e9e est inf\u00e9rieure de 15 km\/h et plus par rapport \u00e0 la vitesse affich\u00e9e.<\/p>\n<\/div>\n<\/div>\n<\/div>\n<\/div>\n<\/div>\n<\/div>\n<\/div>\n<\/div>\n<\/div>\n","protected":false},"featured_media":70517,"comment_status":"closed","ping_status":"closed","template":"","meta":{"_acf_changed":false},"product_cat":[45],"product_tag":[],"acf":[],"_links":{"self":[{"href":"https:\/\/www.martech.qc.ca\/index\/wp-json\/wp\/v2\/product\/70516"}],"collection":[{"href":"https:\/\/www.martech.qc.ca\/index\/wp-json\/wp\/v2\/product"}],"about":[{"href":"https:\/\/www.martech.qc.ca\/index\/wp-json\/wp\/v2\/types\/product"}],"replies":[{"embeddable":true,"href":"https:\/\/www.martech.qc.ca\/index\/wp-json\/wp\/v2\/comments?post=70516"}],"wp:featuredmedia":[{"embeddable":true,"href":"https:\/\/www.martech.qc.ca\/index\/wp-json\/wp\/v2\/media\/70517"}],"wp:attachment":[{"href":"https:\/\/www.martech.qc.ca\/index\/wp-json\/wp\/v2\/media?parent=70516"}],"wp:term":[{"taxonomy":"product_cat","embeddable":true,"href":"https:\/\/www.martech.qc.ca\/index\/wp-json\/wp\/v2\/product_cat?post=70516"},{"taxonomy":"product_tag","embeddable":true,"href":"https:\/\/www.martech.qc.ca\/index\/wp-json\/wp\/v2\/product_tag?post=70516"}],"curies":[{"name":"wp","href":"https:\/\/api.w.org\/{rel}","templated":true}]}}