{"id":70454,"date":"2016-05-02T20:14:15","date_gmt":"2016-05-02T20:14:15","guid":{"rendered":"http:\/\/www.martech.qc.ca\/index.php\/produit\/p-270-3-b\/"},"modified":"2019-07-23T14:37:48","modified_gmt":"2019-07-23T14:37:48","slug":"p-270-3-b","status":"publish","type":"product","link":"https:\/\/www.martech.qc.ca\/index\/produit\/p-270-3-b\/","title":{"rendered":"P-270-3-C"},"content":{"rendered":"<div class=\"champGeneral\">\n<div class=\"infoDetail\">La balise pi\u00e9tonni\u00e8re P-270-3-C peut \u00eatre install\u00e9e en compl\u00e9ment d\u2019un panneau de traverse \u00e0 un passage pour enfants pr\u00e8s d\u2019un terrain de jeu pour rappeler aux conducteurs la pr\u00e9sence du passage.<\/div>\n<\/div>\n","protected":false},"excerpt":{"rendered":"<div class=\"desc_libelle\">\n<div class=\"champGeneral\">\n<div class=\"infoDetail\">\n<div class=\"champGeneral\">\n<div class=\"infoDetail\">\n<div class=\"champGeneral\">\n<div class=\"infoDetail\">\n<div class=\"champGeneral\">\n<div class=\"infoDetail\">La balise pi\u00e9tonni\u00e8re P-270-3-C peut \u00eatre install\u00e9e en compl\u00e9ment d\u2019un panneau de traverse \u00e0 un passage pour enfants pr\u00e8s d\u2019un terrain de jeu pour rappeler aux conducteurs la pr\u00e9sence du passage.<\/div>\n<\/div>\n<\/div>\n<\/div>\n<\/div>\n<\/div>\n<\/div>\n<\/div>\n<\/div>\n","protected":false},"featured_media":71678,"comment_status":"closed","ping_status":"closed","template":"","meta":{"_acf_changed":false},"product_cat":[44,32,30],"product_tag":[],"acf":[],"_links":{"self":[{"href":"https:\/\/www.martech.qc.ca\/index\/wp-json\/wp\/v2\/product\/70454"}],"collection":[{"href":"https:\/\/www.martech.qc.ca\/index\/wp-json\/wp\/v2\/product"}],"about":[{"href":"https:\/\/www.martech.qc.ca\/index\/wp-json\/wp\/v2\/types\/product"}],"replies":[{"embeddable":true,"href":"https:\/\/www.martech.qc.ca\/index\/wp-json\/wp\/v2\/comments?post=70454"}],"wp:featuredmedia":[{"embeddable":true,"href":"https:\/\/www.martech.qc.ca\/index\/wp-json\/wp\/v2\/media\/71678"}],"wp:attachment":[{"href":"https:\/\/www.martech.qc.ca\/index\/wp-json\/wp\/v2\/media?parent=70454"}],"wp:term":[{"taxonomy":"product_cat","embeddable":true,"href":"https:\/\/www.martech.qc.ca\/index\/wp-json\/wp\/v2\/product_cat?post=70454"},{"taxonomy":"product_tag","embeddable":true,"href":"https:\/\/www.martech.qc.ca\/index\/wp-json\/wp\/v2\/product_tag?post=70454"}],"curies":[{"name":"wp","href":"https:\/\/api.w.org\/{rel}","templated":true}]}}