{"id":69231,"date":"2016-04-07T14:54:27","date_gmt":"2016-04-07T14:54:27","guid":{"rendered":"http:\/\/www.martech.qc.ca\/index.php\/produit\/d-110-p-2-75\/"},"modified":"2016-04-07T14:55:29","modified_gmt":"2016-04-07T14:55:29","slug":"d-110-p-2-75","status":"publish","type":"product","link":"https:\/\/www.martech.qc.ca\/index\/produit\/d-110-p-2-75\/","title":{"rendered":"D-110-P-2-75"},"content":{"rendered":"<div class=\"desc_libelle\">\n<p>Le panonceau (D-110-P-2) indique la vitesse recommand\u00e9e pour circuler pr\u00e8s d\u2019un obstacle ou d\u2019un point dangereux sur un chemin public. Ce panonceau doit toujours \u00eatre install\u00e9 sous le panneau de danger qui justifie la vitesse recommand\u00e9e, sur le m\u00eame support. Lorsque le panonceau est utilis\u00e9 avec les panneaux de virage, ceux-ci doivent \u00eatre choisis conform\u00e9ment au tome V.<\/p>\n<\/div>\n","protected":false},"excerpt":{"rendered":"<p>Le panonceau (D-110-P-2) indique la vitesse recommand\u00e9e pour circuler pr\u00e8s d\u2019un obstacle ou d\u2019un point dangereux sur un chemin public. Ce panonceau doit toujours \u00eatre install\u00e9 sous le panneau de danger qui justifie la vitesse recommand\u00e9e, sur le m\u00eame support. Lorsque le panonceau est utilis\u00e9 avec les panneaux de virage, ceux-ci doivent \u00eatre choisis conform\u00e9ment au tome V.<\/p>\n","protected":false},"featured_media":69232,"comment_status":"closed","ping_status":"closed","template":"","meta":{"_acf_changed":false},"product_cat":[44],"product_tag":[],"acf":[],"_links":{"self":[{"href":"https:\/\/www.martech.qc.ca\/index\/wp-json\/wp\/v2\/product\/69231"}],"collection":[{"href":"https:\/\/www.martech.qc.ca\/index\/wp-json\/wp\/v2\/product"}],"about":[{"href":"https:\/\/www.martech.qc.ca\/index\/wp-json\/wp\/v2\/types\/product"}],"replies":[{"embeddable":true,"href":"https:\/\/www.martech.qc.ca\/index\/wp-json\/wp\/v2\/comments?post=69231"}],"wp:featuredmedia":[{"embeddable":true,"href":"https:\/\/www.martech.qc.ca\/index\/wp-json\/wp\/v2\/media\/69232"}],"wp:attachment":[{"href":"https:\/\/www.martech.qc.ca\/index\/wp-json\/wp\/v2\/media?parent=69231"}],"wp:term":[{"taxonomy":"product_cat","embeddable":true,"href":"https:\/\/www.martech.qc.ca\/index\/wp-json\/wp\/v2\/product_cat?post=69231"},{"taxonomy":"product_tag","embeddable":true,"href":"https:\/\/www.martech.qc.ca\/index\/wp-json\/wp\/v2\/product_tag?post=69231"}],"curies":[{"name":"wp","href":"https:\/\/api.w.org\/{rel}","templated":true}]}}