{"id":69200,"date":"2016-04-07T13:43:14","date_gmt":"2016-04-07T13:43:14","guid":{"rendered":"http:\/\/www.martech.qc.ca\/index.php\/produit\/d-100-8-a\/"},"modified":"2016-04-07T13:49:57","modified_gmt":"2016-04-07T13:49:57","slug":"d-100-8-a","status":"publish","type":"product","link":"https:\/\/www.martech.qc.ca\/index\/produit\/d-100-8-a\/","title":{"rendered":"D-100-8-A"},"content":{"rendered":"<div class=\"desc_libelle\">\n<p>Les panneaux \u00abSignal avanc\u00e9 de direction des voies\u00bb (D-100) indiquent, \u00e0 l\u2019avance, la voie dans laquelle l&rsquo;usager de la route doit se ranger pour effectuer une manoeuvre \u00e0 une intersection. Les panneaux D-100 doivent toujours pr\u00e9c\u00e9der les panneaux de prescription P-100 correspondants.<\/p>\n<\/div>\n<p>&nbsp;<\/p>\n","protected":false},"excerpt":{"rendered":"<p>Les panneaux \u00abSignal avanc\u00e9 de direction des voies\u00bb (D-100) indiquent, \u00e0 l\u2019avance, la voie dans laquelle l&rsquo;usager de la route doit se ranger pour effectuer une manoeuvre \u00e0 une intersection. Les panneaux D-100 doivent toujours pr\u00e9c\u00e9der les panneaux de prescription P-100 correspondants.<\/p>\n","protected":false},"featured_media":69201,"comment_status":"closed","ping_status":"closed","template":"","meta":{"_acf_changed":false},"product_cat":[44],"product_tag":[],"acf":[],"_links":{"self":[{"href":"https:\/\/www.martech.qc.ca\/index\/wp-json\/wp\/v2\/product\/69200"}],"collection":[{"href":"https:\/\/www.martech.qc.ca\/index\/wp-json\/wp\/v2\/product"}],"about":[{"href":"https:\/\/www.martech.qc.ca\/index\/wp-json\/wp\/v2\/types\/product"}],"replies":[{"embeddable":true,"href":"https:\/\/www.martech.qc.ca\/index\/wp-json\/wp\/v2\/comments?post=69200"}],"wp:featuredmedia":[{"embeddable":true,"href":"https:\/\/www.martech.qc.ca\/index\/wp-json\/wp\/v2\/media\/69201"}],"wp:attachment":[{"href":"https:\/\/www.martech.qc.ca\/index\/wp-json\/wp\/v2\/media?parent=69200"}],"wp:term":[{"taxonomy":"product_cat","embeddable":true,"href":"https:\/\/www.martech.qc.ca\/index\/wp-json\/wp\/v2\/product_cat?post=69200"},{"taxonomy":"product_tag","embeddable":true,"href":"https:\/\/www.martech.qc.ca\/index\/wp-json\/wp\/v2\/product_tag?post=69200"}],"curies":[{"name":"wp","href":"https:\/\/api.w.org\/{rel}","templated":true}]}}