{"id":69088,"date":"2016-04-05T19:01:36","date_gmt":"2016-04-05T19:01:36","guid":{"rendered":"http:\/\/www.martech.qc.ca\/index.php\/produit\/div-28\/"},"modified":"2016-04-05T19:02:50","modified_gmt":"2016-04-05T19:02:50","slug":"div-28","status":"publish","type":"product","link":"https:\/\/www.martech.qc.ca\/index\/produit\/div-28\/","title":{"rendered":"DIV-28"},"content":{"rendered":"<div class=\"desc_libelle\">\n<p>Le panneau de largeur excessive &laquo;&nbsp;D&nbsp;&raquo; doit \u00eatre install\u00e9 uniquement aux extr\u00e9mit\u00e9s avant et arri\u00e8re du v\u00e9hicule ou de son chargement ( voir le R\u00e8glement sur le permis sp\u00e9cial de circulation du Code de la s\u00e9curit\u00e9 routi\u00e8re ).<\/p>\n<\/div>\n","protected":false},"excerpt":{"rendered":"<p>Le panneau de largeur excessive &laquo;&nbsp;D&nbsp;&raquo; doit \u00eatre install\u00e9 uniquement aux extr\u00e9mit\u00e9s avant et arri\u00e8re du v\u00e9hicule ou de son chargement ( voir le R\u00e8glement sur le permis sp\u00e9cial de circulation du Code de la s\u00e9curit\u00e9 routi\u00e8re ).<\/p>\n","protected":false},"featured_media":69089,"comment_status":"closed","ping_status":"closed","template":"","meta":{"_acf_changed":false},"product_cat":[45],"product_tag":[],"acf":[],"_links":{"self":[{"href":"https:\/\/www.martech.qc.ca\/index\/wp-json\/wp\/v2\/product\/69088"}],"collection":[{"href":"https:\/\/www.martech.qc.ca\/index\/wp-json\/wp\/v2\/product"}],"about":[{"href":"https:\/\/www.martech.qc.ca\/index\/wp-json\/wp\/v2\/types\/product"}],"replies":[{"embeddable":true,"href":"https:\/\/www.martech.qc.ca\/index\/wp-json\/wp\/v2\/comments?post=69088"}],"wp:featuredmedia":[{"embeddable":true,"href":"https:\/\/www.martech.qc.ca\/index\/wp-json\/wp\/v2\/media\/69089"}],"wp:attachment":[{"href":"https:\/\/www.martech.qc.ca\/index\/wp-json\/wp\/v2\/media?parent=69088"}],"wp:term":[{"taxonomy":"product_cat","embeddable":true,"href":"https:\/\/www.martech.qc.ca\/index\/wp-json\/wp\/v2\/product_cat?post=69088"},{"taxonomy":"product_tag","embeddable":true,"href":"https:\/\/www.martech.qc.ca\/index\/wp-json\/wp\/v2\/product_tag?post=69088"}],"curies":[{"name":"wp","href":"https:\/\/api.w.org\/{rel}","templated":true}]}}