{"id":69083,"date":"2016-04-05T18:58:25","date_gmt":"2016-04-05T18:58:25","guid":{"rendered":"http:\/\/www.martech.qc.ca\/index.php\/produit\/div-24\/"},"modified":"2017-02-22T14:41:51","modified_gmt":"2017-02-22T14:41:51","slug":"div-24","status":"publish","type":"product","link":"https:\/\/www.martech.qc.ca\/index\/produit\/div-24\/","title":{"rendered":"DIV-24"},"content":{"rendered":"<div class=\"desc_libelle\">\n<p>Plaquette route-tron\u00e7on-section-sous-route-cha\u00eenage de d\u00e9but.<\/p>\n<\/div>\n","protected":false},"excerpt":{"rendered":"<p>Plaquette route-tron\u00e7on-section-sous-route-cha\u00eenage de d\u00e9but.<\/p>\n","protected":false},"featured_media":69084,"comment_status":"closed","ping_status":"closed","template":"","meta":{"_acf_changed":false},"product_cat":[46],"product_tag":[],"acf":[],"_links":{"self":[{"href":"https:\/\/www.martech.qc.ca\/index\/wp-json\/wp\/v2\/product\/69083"}],"collection":[{"href":"https:\/\/www.martech.qc.ca\/index\/wp-json\/wp\/v2\/product"}],"about":[{"href":"https:\/\/www.martech.qc.ca\/index\/wp-json\/wp\/v2\/types\/product"}],"replies":[{"embeddable":true,"href":"https:\/\/www.martech.qc.ca\/index\/wp-json\/wp\/v2\/comments?post=69083"}],"wp:featuredmedia":[{"embeddable":true,"href":"https:\/\/www.martech.qc.ca\/index\/wp-json\/wp\/v2\/media\/69084"}],"wp:attachment":[{"href":"https:\/\/www.martech.qc.ca\/index\/wp-json\/wp\/v2\/media?parent=69083"}],"wp:term":[{"taxonomy":"product_cat","embeddable":true,"href":"https:\/\/www.martech.qc.ca\/index\/wp-json\/wp\/v2\/product_cat?post=69083"},{"taxonomy":"product_tag","embeddable":true,"href":"https:\/\/www.martech.qc.ca\/index\/wp-json\/wp\/v2\/product_tag?post=69083"}],"curies":[{"name":"wp","href":"https:\/\/api.w.org\/{rel}","templated":true}]}}