{"id":69059,"date":"2016-04-04T15:20:35","date_gmt":"2016-04-04T15:20:35","guid":{"rendered":"http:\/\/www.martech.qc.ca\/index.php\/produit\/t-d-310-2\/"},"modified":"2016-04-04T15:33:53","modified_gmt":"2016-04-04T15:33:53","slug":"t-d-310-2","status":"publish","type":"product","link":"https:\/\/www.martech.qc.ca\/index\/produit\/t-d-310-2\/","title":{"rendered":"T-D-310-2"},"content":{"rendered":"<div class=\"desc_libelle\">\n<p>Le panneau \u00ab Chauss\u00e9e glissante \u00bb (T-D-310-2) indique que la chauss\u00e9e risque d\u2019\u00eatre glissante \u00e0 certains endroits, sp\u00e9cialement pour les motocyclettes.<\/p>\n<\/div>\n","protected":false},"excerpt":{"rendered":"<p>Le panneau \u00ab Chauss\u00e9e glissante \u00bb (T-D-310-2) indique que la chauss\u00e9e risque d\u2019\u00eatre glissante \u00e0 certains endroits, sp\u00e9cialement pour les motocyclettes.<\/p>\n","protected":false},"featured_media":69060,"comment_status":"closed","ping_status":"closed","template":"","meta":{"_acf_changed":false},"product_cat":[45],"product_tag":[],"acf":[],"_links":{"self":[{"href":"https:\/\/www.martech.qc.ca\/index\/wp-json\/wp\/v2\/product\/69059"}],"collection":[{"href":"https:\/\/www.martech.qc.ca\/index\/wp-json\/wp\/v2\/product"}],"about":[{"href":"https:\/\/www.martech.qc.ca\/index\/wp-json\/wp\/v2\/types\/product"}],"replies":[{"embeddable":true,"href":"https:\/\/www.martech.qc.ca\/index\/wp-json\/wp\/v2\/comments?post=69059"}],"wp:featuredmedia":[{"embeddable":true,"href":"https:\/\/www.martech.qc.ca\/index\/wp-json\/wp\/v2\/media\/69060"}],"wp:attachment":[{"href":"https:\/\/www.martech.qc.ca\/index\/wp-json\/wp\/v2\/media?parent=69059"}],"wp:term":[{"taxonomy":"product_cat","embeddable":true,"href":"https:\/\/www.martech.qc.ca\/index\/wp-json\/wp\/v2\/product_cat?post=69059"},{"taxonomy":"product_tag","embeddable":true,"href":"https:\/\/www.martech.qc.ca\/index\/wp-json\/wp\/v2\/product_tag?post=69059"}],"curies":[{"name":"wp","href":"https:\/\/api.w.org\/{rel}","templated":true}]}}