{"id":69053,"date":"2016-04-04T15:14:50","date_gmt":"2016-04-04T15:14:50","guid":{"rendered":"http:\/\/www.martech.qc.ca\/index.php\/produit\/t-240-p-3-d\/"},"modified":"2016-04-04T15:34:11","modified_gmt":"2016-04-04T15:34:11","slug":"t-240-p-3-d","status":"publish","type":"product","link":"https:\/\/www.martech.qc.ca\/index\/produit\/t-240-p-3-d\/","title":{"rendered":"T-240-P-3-D"},"content":{"rendered":"<div class=\"desc_libelle\">\n<p>Le panonceau de direction tout droit (T-240-P1) doit \u00eatre install\u00e9 sous le panneau \u00ab Surveillance routi\u00e8re \u00bb (T-I-413-1) dans le cas o\u00f9 la zone de travaux poss\u00e8de un cin\u00e9mom\u00e8tre photographique fixe.<\/p>\n<\/div>\n","protected":false},"excerpt":{"rendered":"<p>Le panonceau de direction tout droit (T-240-P1) doit \u00eatre install\u00e9 sous le panneau \u00ab Surveillance routi\u00e8re \u00bb (T-I-413-1) dans le cas o\u00f9 la zone de travaux poss\u00e8de un cin\u00e9mom\u00e8tre photographique fixe.<\/p>\n","protected":false},"featured_media":69054,"comment_status":"closed","ping_status":"closed","template":"","meta":{"_acf_changed":false},"product_cat":[45],"product_tag":[],"acf":[],"_links":{"self":[{"href":"https:\/\/www.martech.qc.ca\/index\/wp-json\/wp\/v2\/product\/69053"}],"collection":[{"href":"https:\/\/www.martech.qc.ca\/index\/wp-json\/wp\/v2\/product"}],"about":[{"href":"https:\/\/www.martech.qc.ca\/index\/wp-json\/wp\/v2\/types\/product"}],"replies":[{"embeddable":true,"href":"https:\/\/www.martech.qc.ca\/index\/wp-json\/wp\/v2\/comments?post=69053"}],"wp:featuredmedia":[{"embeddable":true,"href":"https:\/\/www.martech.qc.ca\/index\/wp-json\/wp\/v2\/media\/69054"}],"wp:attachment":[{"href":"https:\/\/www.martech.qc.ca\/index\/wp-json\/wp\/v2\/media?parent=69053"}],"wp:term":[{"taxonomy":"product_cat","embeddable":true,"href":"https:\/\/www.martech.qc.ca\/index\/wp-json\/wp\/v2\/product_cat?post=69053"},{"taxonomy":"product_tag","embeddable":true,"href":"https:\/\/www.martech.qc.ca\/index\/wp-json\/wp\/v2\/product_tag?post=69053"}],"curies":[{"name":"wp","href":"https:\/\/api.w.org\/{rel}","templated":true}]}}