{"id":68993,"date":"2016-04-04T14:08:03","date_gmt":"2016-04-04T14:08:03","guid":{"rendered":"http:\/\/www.martech.qc.ca\/index.php\/produit\/i-357-1-2\/"},"modified":"2016-04-04T14:08:48","modified_gmt":"2016-04-04T14:08:48","slug":"i-357-1-2","status":"publish","type":"product","link":"https:\/\/www.martech.qc.ca\/index\/produit\/i-357-1-2\/","title":{"rendered":"I-357-1"},"content":{"rendered":"<div class=\"desc_libelle\">\n<p>Le panneau de pr\u00e9signalisation \u00ab Halte texto \u2013 Wi-Fi \u00bb (I-357-1) indique la pr\u00e9sence d\u2019un endroit am\u00e9nag\u00e9 le long d\u2019une autoroute pour permettre aux usagers de s&rsquo;arr\u00eater en toute s\u00e9curit\u00e9 pour texter et utiliser le r\u00e9seau Wi-Fi.<\/p>\n<\/div>\n","protected":false},"excerpt":{"rendered":"<p>Le panneau de pr\u00e9signalisation \u00ab Halte texto \u2013 Wi-Fi \u00bb (I-357-1) indique la pr\u00e9sence d\u2019un endroit am\u00e9nag\u00e9 le long d\u2019une autoroute pour permettre aux usagers de s&rsquo;arr\u00eater en toute s\u00e9curit\u00e9 pour texter et utiliser le r\u00e9seau Wi-Fi.<\/p>\n","protected":false},"featured_media":68994,"comment_status":"closed","ping_status":"closed","template":"","meta":{"_acf_changed":false},"product_cat":[46],"product_tag":[],"acf":[],"_links":{"self":[{"href":"https:\/\/www.martech.qc.ca\/index\/wp-json\/wp\/v2\/product\/68993"}],"collection":[{"href":"https:\/\/www.martech.qc.ca\/index\/wp-json\/wp\/v2\/product"}],"about":[{"href":"https:\/\/www.martech.qc.ca\/index\/wp-json\/wp\/v2\/types\/product"}],"replies":[{"embeddable":true,"href":"https:\/\/www.martech.qc.ca\/index\/wp-json\/wp\/v2\/comments?post=68993"}],"wp:featuredmedia":[{"embeddable":true,"href":"https:\/\/www.martech.qc.ca\/index\/wp-json\/wp\/v2\/media\/68994"}],"wp:attachment":[{"href":"https:\/\/www.martech.qc.ca\/index\/wp-json\/wp\/v2\/media?parent=68993"}],"wp:term":[{"taxonomy":"product_cat","embeddable":true,"href":"https:\/\/www.martech.qc.ca\/index\/wp-json\/wp\/v2\/product_cat?post=68993"},{"taxonomy":"product_tag","embeddable":true,"href":"https:\/\/www.martech.qc.ca\/index\/wp-json\/wp\/v2\/product_tag?post=68993"}],"curies":[{"name":"wp","href":"https:\/\/api.w.org\/{rel}","templated":true}]}}