{"id":68934,"date":"2016-04-01T19:44:06","date_gmt":"2016-04-01T19:44:06","guid":{"rendered":"http:\/\/www.martech.qc.ca\/index.php\/produit\/d-62-2\/"},"modified":"2017-03-01T21:00:06","modified_gmt":"2017-03-01T21:00:06","slug":"d-62-2","status":"publish","type":"product","link":"https:\/\/www.martech.qc.ca\/index\/produit\/d-62-2\/","title":{"rendered":"D-62-1"},"content":{"rendered":"<div class=\"desc_libelle\">\n<p>Le panneau \u00ab Bourrasque \u00bb (D-62-1) indique la pr\u00e9sence d\u2019une zone de vents violents sur un chemin public. Il doit \u00eatre install\u00e9 lorsque la zone concern\u00e9e s&rsquo;\u00e9tend sur plus de 1 km.<\/p>\n<\/div>\n","protected":false},"excerpt":{"rendered":"<p>Le panneau \u00ab Bourrasque \u00bb (D-062-1) indique la pr\u00e9sence d\u2019une zone de vents violents sur un chemin public. Il doit \u00eatre install\u00e9 lorsque la zone concern\u00e9e s&rsquo;\u00e9tend sur plus de 1 km.<\/p>\n","protected":false},"featured_media":68935,"comment_status":"closed","ping_status":"closed","template":"","meta":{"_acf_changed":false},"product_cat":[44],"product_tag":[],"acf":[],"_links":{"self":[{"href":"https:\/\/www.martech.qc.ca\/index\/wp-json\/wp\/v2\/product\/68934"}],"collection":[{"href":"https:\/\/www.martech.qc.ca\/index\/wp-json\/wp\/v2\/product"}],"about":[{"href":"https:\/\/www.martech.qc.ca\/index\/wp-json\/wp\/v2\/types\/product"}],"replies":[{"embeddable":true,"href":"https:\/\/www.martech.qc.ca\/index\/wp-json\/wp\/v2\/comments?post=68934"}],"wp:featuredmedia":[{"embeddable":true,"href":"https:\/\/www.martech.qc.ca\/index\/wp-json\/wp\/v2\/media\/68935"}],"wp:attachment":[{"href":"https:\/\/www.martech.qc.ca\/index\/wp-json\/wp\/v2\/media?parent=68934"}],"wp:term":[{"taxonomy":"product_cat","embeddable":true,"href":"https:\/\/www.martech.qc.ca\/index\/wp-json\/wp\/v2\/product_cat?post=68934"},{"taxonomy":"product_tag","embeddable":true,"href":"https:\/\/www.martech.qc.ca\/index\/wp-json\/wp\/v2\/product_tag?post=68934"}],"curies":[{"name":"wp","href":"https:\/\/api.w.org\/{rel}","templated":true}]}}