{"id":68932,"date":"2016-04-01T19:42:15","date_gmt":"2016-04-01T19:42:15","guid":{"rendered":"http:\/\/www.martech.qc.ca\/index.php\/produit\/d-61-5\/"},"modified":"2017-03-01T20:59:41","modified_gmt":"2017-03-01T20:59:41","slug":"d-61-5","status":"publish","type":"product","link":"https:\/\/www.martech.qc.ca\/index\/produit\/d-61-5\/","title":{"rendered":"D-61-5"},"content":{"rendered":"<div class=\"desc_libelle\">\n<p>Le panneau \u00ab Chauss\u00e9e glac\u00e9e \u00bb (D-61-5) indique que la chauss\u00e9e d\u2019un chemin public, d\u2019un pont ou d\u2019un pont d\u2019\u00e9tagement peut \u00eatre glac\u00e9e ou givr\u00e9e lorsque la temp\u00e9rature est pr\u00e8s du point de cong\u00e9lation.<\/p>\n<\/div>\n","protected":false},"excerpt":{"rendered":"<p>Le panneau \u00ab Chauss\u00e9e glac\u00e9e \u00bb (D-061-5) indique que la chauss\u00e9e d\u2019un chemin public, d\u2019un pont ou d\u2019un pont d\u2019\u00e9tagement peut \u00eatre glac\u00e9e ou givr\u00e9e lorsque la temp\u00e9rature est pr\u00e8s du point de cong\u00e9lation.<\/p>\n","protected":false},"featured_media":68933,"comment_status":"closed","ping_status":"closed","template":"","meta":{"_acf_changed":false},"product_cat":[44],"product_tag":[],"acf":[],"_links":{"self":[{"href":"https:\/\/www.martech.qc.ca\/index\/wp-json\/wp\/v2\/product\/68932"}],"collection":[{"href":"https:\/\/www.martech.qc.ca\/index\/wp-json\/wp\/v2\/product"}],"about":[{"href":"https:\/\/www.martech.qc.ca\/index\/wp-json\/wp\/v2\/types\/product"}],"replies":[{"embeddable":true,"href":"https:\/\/www.martech.qc.ca\/index\/wp-json\/wp\/v2\/comments?post=68932"}],"wp:featuredmedia":[{"embeddable":true,"href":"https:\/\/www.martech.qc.ca\/index\/wp-json\/wp\/v2\/media\/68933"}],"wp:attachment":[{"href":"https:\/\/www.martech.qc.ca\/index\/wp-json\/wp\/v2\/media?parent=68932"}],"wp:term":[{"taxonomy":"product_cat","embeddable":true,"href":"https:\/\/www.martech.qc.ca\/index\/wp-json\/wp\/v2\/product_cat?post=68932"},{"taxonomy":"product_tag","embeddable":true,"href":"https:\/\/www.martech.qc.ca\/index\/wp-json\/wp\/v2\/product_tag?post=68932"}],"curies":[{"name":"wp","href":"https:\/\/api.w.org\/{rel}","templated":true}]}}