{"id":68930,"date":"2016-04-01T19:39:30","date_gmt":"2016-04-01T19:39:30","guid":{"rendered":"http:\/\/www.martech.qc.ca\/index.php\/produit\/d-61-4\/"},"modified":"2016-04-04T17:08:26","modified_gmt":"2016-04-04T17:08:26","slug":"d-61-4","status":"publish","type":"product","link":"https:\/\/www.martech.qc.ca\/index\/produit\/d-61-4\/","title":{"rendered":"D-61-4"},"content":{"rendered":"<div class=\"desc_libelle\">\n<p>Le panneau \u00ab Chauss\u00e9e glissante \u00bb (D-61-4) indique que la chauss\u00e9e peut \u00eatre glissante. Il est install\u00e9 lorsque la chauss\u00e9e est fr\u00e9quemment mouill\u00e9e sur un tron\u00e7on de route, la rendant particuli\u00e8rement glissante par endroits.<\/p>\n<\/div>\n","protected":false},"excerpt":{"rendered":"<p>Le panneau \u00ab Chauss\u00e9e glissante \u00bb (D-61-4) indique que la chauss\u00e9e peut \u00eatre glissante. Il est install\u00e9 lorsque la chauss\u00e9e est fr\u00e9quemment mouill\u00e9e sur un tron\u00e7on de route, la rendant particuli\u00e8rement glissante par endroits.<\/p>\n","protected":false},"featured_media":68931,"comment_status":"closed","ping_status":"closed","template":"","meta":{"_acf_changed":false},"product_cat":[44],"product_tag":[],"acf":[],"_links":{"self":[{"href":"https:\/\/www.martech.qc.ca\/index\/wp-json\/wp\/v2\/product\/68930"}],"collection":[{"href":"https:\/\/www.martech.qc.ca\/index\/wp-json\/wp\/v2\/product"}],"about":[{"href":"https:\/\/www.martech.qc.ca\/index\/wp-json\/wp\/v2\/types\/product"}],"replies":[{"embeddable":true,"href":"https:\/\/www.martech.qc.ca\/index\/wp-json\/wp\/v2\/comments?post=68930"}],"wp:featuredmedia":[{"embeddable":true,"href":"https:\/\/www.martech.qc.ca\/index\/wp-json\/wp\/v2\/media\/68931"}],"wp:attachment":[{"href":"https:\/\/www.martech.qc.ca\/index\/wp-json\/wp\/v2\/media?parent=68930"}],"wp:term":[{"taxonomy":"product_cat","embeddable":true,"href":"https:\/\/www.martech.qc.ca\/index\/wp-json\/wp\/v2\/product_cat?post=68930"},{"taxonomy":"product_tag","embeddable":true,"href":"https:\/\/www.martech.qc.ca\/index\/wp-json\/wp\/v2\/product_tag?post=68930"}],"curies":[{"name":"wp","href":"https:\/\/api.w.org\/{rel}","templated":true}]}}