{"id":68928,"date":"2016-04-01T19:35:57","date_gmt":"2016-04-01T19:35:57","guid":{"rendered":"http:\/\/www.martech.qc.ca\/index.php\/produit\/d-61-3\/"},"modified":"2017-03-01T20:58:26","modified_gmt":"2017-03-01T20:58:26","slug":"d-61-3","status":"publish","type":"product","link":"https:\/\/www.martech.qc.ca\/index\/produit\/d-61-3\/","title":{"rendered":"D-61-3"},"content":{"rendered":"<div class=\"desc_libelle\">\n<p>Le panneau \u00ab Brouillard \u00bb (D-61-3) indique la pr\u00e9sence de brouillard sur un chemin public qui entra\u00eene une r\u00e9duction marqu\u00e9e de la visibilit\u00e9.<\/p>\n<\/div>\n","protected":false},"excerpt":{"rendered":"<p>Le panneau \u00ab Brouillard \u00bb (D-061-3) indique la pr\u00e9sence de brouillard sur un chemin public qui entra\u00eene une r\u00e9duction marqu\u00e9e de la visibilit\u00e9.<\/p>\n","protected":false},"featured_media":68929,"comment_status":"closed","ping_status":"closed","template":"","meta":{"_acf_changed":false},"product_cat":[44],"product_tag":[],"acf":[],"_links":{"self":[{"href":"https:\/\/www.martech.qc.ca\/index\/wp-json\/wp\/v2\/product\/68928"}],"collection":[{"href":"https:\/\/www.martech.qc.ca\/index\/wp-json\/wp\/v2\/product"}],"about":[{"href":"https:\/\/www.martech.qc.ca\/index\/wp-json\/wp\/v2\/types\/product"}],"replies":[{"embeddable":true,"href":"https:\/\/www.martech.qc.ca\/index\/wp-json\/wp\/v2\/comments?post=68928"}],"wp:featuredmedia":[{"embeddable":true,"href":"https:\/\/www.martech.qc.ca\/index\/wp-json\/wp\/v2\/media\/68929"}],"wp:attachment":[{"href":"https:\/\/www.martech.qc.ca\/index\/wp-json\/wp\/v2\/media?parent=68928"}],"wp:term":[{"taxonomy":"product_cat","embeddable":true,"href":"https:\/\/www.martech.qc.ca\/index\/wp-json\/wp\/v2\/product_cat?post=68928"},{"taxonomy":"product_tag","embeddable":true,"href":"https:\/\/www.martech.qc.ca\/index\/wp-json\/wp\/v2\/product_tag?post=68928"}],"curies":[{"name":"wp","href":"https:\/\/api.w.org\/{rel}","templated":true}]}}