{"id":68890,"date":"2016-03-29T19:56:49","date_gmt":"2016-03-29T19:56:49","guid":{"rendered":"http:\/\/www.martech.qc.ca\/index.php\/produit\/pmv-t-d-360\/"},"modified":"2016-05-04T19:59:47","modified_gmt":"2016-05-04T19:59:47","slug":"pmv-t-d-360","status":"publish","type":"product","link":"https:\/\/www.martech.qc.ca\/index\/produit\/pmv-t-d-360\/","title":{"rendered":"PMV-T-D-360"},"content":{"rendered":"<div class=\"desc_libelle\">\n<p>Les panneaux \u00e0 messages variables(PMV) sont des dispositifs lumineux permettant de transmettre diff\u00e9rents messages en temps r\u00e9el aux usagers de la route. Le pictogramme \u00abChauss\u00e9e cahoteuse\u00bb (PMV-T-D-360) indique que la chauss\u00e9e pr\u00e9sente des d\u00e9formations \u00e0 certains endroits. Les fichiers bitmap (bmp) servent \u00e0 la programmation du PMV. Les mod\u00e8les disponibles sont: 27&#215;72, 30&#215;72, 36&#215;82 et 36&#215;140 pixels.<\/p>\n<\/div>\n","protected":false},"excerpt":{"rendered":"<p>Les panneaux \u00e0 messages variables(PMV) sont des dispositifs lumineux permettant de transmettre diff\u00e9rents messages en temps r\u00e9el aux usagers de la route. Le pictogramme \u00abChauss\u00e9e cahoteuse\u00bb (PMV-T-D-360) indique que la chauss\u00e9e pr\u00e9sente des d\u00e9formations \u00e0 certains endroits. Les fichiers bitmap (bmp) servent \u00e0 la programmation du PMV. Les mod\u00e8les disponibles sont: 27&#215;72, 30&#215;72, 36&#215;82 et 36&#215;140 pixels.<\/p>\n","protected":false},"featured_media":68891,"comment_status":"closed","ping_status":"closed","template":"","meta":{"_acf_changed":false},"product_cat":[],"product_tag":[],"acf":[],"_links":{"self":[{"href":"https:\/\/www.martech.qc.ca\/index\/wp-json\/wp\/v2\/product\/68890"}],"collection":[{"href":"https:\/\/www.martech.qc.ca\/index\/wp-json\/wp\/v2\/product"}],"about":[{"href":"https:\/\/www.martech.qc.ca\/index\/wp-json\/wp\/v2\/types\/product"}],"replies":[{"embeddable":true,"href":"https:\/\/www.martech.qc.ca\/index\/wp-json\/wp\/v2\/comments?post=68890"}],"wp:featuredmedia":[{"embeddable":true,"href":"https:\/\/www.martech.qc.ca\/index\/wp-json\/wp\/v2\/media\/68891"}],"wp:attachment":[{"href":"https:\/\/www.martech.qc.ca\/index\/wp-json\/wp\/v2\/media?parent=68890"}],"wp:term":[{"taxonomy":"product_cat","embeddable":true,"href":"https:\/\/www.martech.qc.ca\/index\/wp-json\/wp\/v2\/product_cat?post=68890"},{"taxonomy":"product_tag","embeddable":true,"href":"https:\/\/www.martech.qc.ca\/index\/wp-json\/wp\/v2\/product_tag?post=68890"}],"curies":[{"name":"wp","href":"https:\/\/api.w.org\/{rel}","templated":true}]}}