{"id":68551,"date":"2016-03-21T20:19:45","date_gmt":"2016-03-21T20:19:45","guid":{"rendered":"http:\/\/www.martech.qc.ca\/index.php\/produit\/i-240-p-5-v\/"},"modified":"2016-03-22T18:39:03","modified_gmt":"2016-03-22T18:39:03","slug":"i-240-p-5-v","status":"publish","type":"product","link":"https:\/\/www.martech.qc.ca\/index\/produit\/i-240-p-5-v\/","title":{"rendered":"I-245-P-5-V"},"content":{"rendered":"<div class=\"desc_libelle\">\n<p>Les panonceaux de distance indiquent la distance pour atteindre un \u00e9quipement sp\u00e9cifique ou un am\u00e9nagement routier particulier. Le panonceau doit \u00eatre install\u00e9 sous le panneau qu&rsquo;il compl\u00e8te.<\/p>\n<\/div>\n","protected":false},"excerpt":{"rendered":"<p>Les panonceaux de distance indiquent la distance pour atteindre un \u00e9quipement sp\u00e9cifique ou un am\u00e9nagement routier particulier. Le panonceau doit \u00eatre install\u00e9 sous le panneau qu&rsquo;il compl\u00e8te.<\/p>\n","protected":false},"featured_media":68552,"comment_status":"closed","ping_status":"closed","template":"","meta":{"_acf_changed":false},"product_cat":[46],"product_tag":[],"acf":[],"_links":{"self":[{"href":"https:\/\/www.martech.qc.ca\/index\/wp-json\/wp\/v2\/product\/68551"}],"collection":[{"href":"https:\/\/www.martech.qc.ca\/index\/wp-json\/wp\/v2\/product"}],"about":[{"href":"https:\/\/www.martech.qc.ca\/index\/wp-json\/wp\/v2\/types\/product"}],"replies":[{"embeddable":true,"href":"https:\/\/www.martech.qc.ca\/index\/wp-json\/wp\/v2\/comments?post=68551"}],"wp:featuredmedia":[{"embeddable":true,"href":"https:\/\/www.martech.qc.ca\/index\/wp-json\/wp\/v2\/media\/68552"}],"wp:attachment":[{"href":"https:\/\/www.martech.qc.ca\/index\/wp-json\/wp\/v2\/media?parent=68551"}],"wp:term":[{"taxonomy":"product_cat","embeddable":true,"href":"https:\/\/www.martech.qc.ca\/index\/wp-json\/wp\/v2\/product_cat?post=68551"},{"taxonomy":"product_tag","embeddable":true,"href":"https:\/\/www.martech.qc.ca\/index\/wp-json\/wp\/v2\/product_tag?post=68551"}],"curies":[{"name":"wp","href":"https:\/\/api.w.org\/{rel}","templated":true}]}}