{"id":68544,"date":"2016-03-21T20:13:18","date_gmt":"2016-03-21T20:13:18","guid":{"rendered":"http:\/\/www.martech.qc.ca\/index.php\/produit\/i-240-p-8-d-v-2\/"},"modified":"2016-03-21T20:20:31","modified_gmt":"2016-03-21T20:20:31","slug":"i-240-p-8-d-v-2","status":"publish","type":"product","link":"https:\/\/www.martech.qc.ca\/index\/produit\/i-240-p-8-d-v-2\/","title":{"rendered":"I-240-P-8-D-V"},"content":{"rendered":"<div class=\"desc_libelle\">\n<p>Les panonceaux de direction (I-240-P) indiquent la direction d\u2019une autoroute, d\u2019une route num\u00e9rot\u00e9e ou la direction pour atteindre un \u00e9quipement donn\u00e9. Lorsque l\u2019\u00e9quipement \u00e0 atteindre est situ\u00e9 \u00e0 3 km et plus, les panonceaux I-240-P-6 \u00e0 I-240-P-8 sont utilis\u00e9s<\/p>\n<\/div>\n","protected":false},"excerpt":{"rendered":"<p>Les panonceaux de direction (I-240-P) indiquent la direction d\u2019une autoroute, d\u2019une route num\u00e9rot\u00e9e ou la direction pour atteindre un \u00e9quipement donn\u00e9. Lorsque l\u2019\u00e9quipement \u00e0 atteindre est situ\u00e9 \u00e0 3 km et plus, les panonceaux I-240-P-6 \u00e0 I-240-P-8 sont utilis\u00e9s<\/p>\n","protected":false},"featured_media":68545,"comment_status":"closed","ping_status":"closed","template":"","meta":{"_acf_changed":false},"product_cat":[46],"product_tag":[],"acf":[],"_links":{"self":[{"href":"https:\/\/www.martech.qc.ca\/index\/wp-json\/wp\/v2\/product\/68544"}],"collection":[{"href":"https:\/\/www.martech.qc.ca\/index\/wp-json\/wp\/v2\/product"}],"about":[{"href":"https:\/\/www.martech.qc.ca\/index\/wp-json\/wp\/v2\/types\/product"}],"replies":[{"embeddable":true,"href":"https:\/\/www.martech.qc.ca\/index\/wp-json\/wp\/v2\/comments?post=68544"}],"wp:featuredmedia":[{"embeddable":true,"href":"https:\/\/www.martech.qc.ca\/index\/wp-json\/wp\/v2\/media\/68545"}],"wp:attachment":[{"href":"https:\/\/www.martech.qc.ca\/index\/wp-json\/wp\/v2\/media?parent=68544"}],"wp:term":[{"taxonomy":"product_cat","embeddable":true,"href":"https:\/\/www.martech.qc.ca\/index\/wp-json\/wp\/v2\/product_cat?post=68544"},{"taxonomy":"product_tag","embeddable":true,"href":"https:\/\/www.martech.qc.ca\/index\/wp-json\/wp\/v2\/product_tag?post=68544"}],"curies":[{"name":"wp","href":"https:\/\/api.w.org\/{rel}","templated":true}]}}