{"id":68538,"date":"2016-03-21T20:06:26","date_gmt":"2016-03-21T20:06:26","guid":{"rendered":"http:\/\/www.martech.qc.ca\/index.php\/produit\/i-240-p-8-d-v\/"},"modified":"2016-03-21T20:20:43","modified_gmt":"2016-03-21T20:20:43","slug":"i-240-p-8-d-v","status":"publish","type":"product","link":"https:\/\/www.martech.qc.ca\/index\/produit\/i-240-p-8-d-v\/","title":{"rendered":"I-240-P-8-D-V"},"content":{"rendered":"<div class=\"desc_libelle\">\n<p>Les panonceaux de direction (I-240-P) indiquent la direction d\u2019une autoroute, d\u2019une route num\u00e9rot\u00e9e ou la direction pour atteindre un \u00e9quipement donn\u00e9.<\/p>\n<\/div>\n","protected":false},"excerpt":{"rendered":"<p>Les panonceaux de direction (I-240-P) indiquent la direction d\u2019une autoroute, d\u2019une route num\u00e9rot\u00e9e ou la direction pour atteindre un \u00e9quipement donn\u00e9.<\/p>\n","protected":false},"featured_media":68539,"comment_status":"closed","ping_status":"closed","template":"","meta":{"_acf_changed":false},"product_cat":[46],"product_tag":[],"acf":[],"_links":{"self":[{"href":"https:\/\/www.martech.qc.ca\/index\/wp-json\/wp\/v2\/product\/68538"}],"collection":[{"href":"https:\/\/www.martech.qc.ca\/index\/wp-json\/wp\/v2\/product"}],"about":[{"href":"https:\/\/www.martech.qc.ca\/index\/wp-json\/wp\/v2\/types\/product"}],"replies":[{"embeddable":true,"href":"https:\/\/www.martech.qc.ca\/index\/wp-json\/wp\/v2\/comments?post=68538"}],"wp:featuredmedia":[{"embeddable":true,"href":"https:\/\/www.martech.qc.ca\/index\/wp-json\/wp\/v2\/media\/68539"}],"wp:attachment":[{"href":"https:\/\/www.martech.qc.ca\/index\/wp-json\/wp\/v2\/media?parent=68538"}],"wp:term":[{"taxonomy":"product_cat","embeddable":true,"href":"https:\/\/www.martech.qc.ca\/index\/wp-json\/wp\/v2\/product_cat?post=68538"},{"taxonomy":"product_tag","embeddable":true,"href":"https:\/\/www.martech.qc.ca\/index\/wp-json\/wp\/v2\/product_tag?post=68538"}],"curies":[{"name":"wp","href":"https:\/\/api.w.org\/{rel}","templated":true}]}}