{"id":68530,"date":"2016-03-21T20:00:56","date_gmt":"2016-03-21T20:00:56","guid":{"rendered":"http:\/\/www.martech.qc.ca\/index.php\/produit\/i-230-p-v\/"},"modified":"2016-03-21T20:19:08","modified_gmt":"2016-03-21T20:19:08","slug":"i-230-p-v","status":"publish","type":"product","link":"https:\/\/www.martech.qc.ca\/index\/produit\/i-230-p-v\/","title":{"rendered":"I-230-P-V"},"content":{"rendered":"<div class=\"desc_libelle\">\n<p>Le panonceau de d\u00e9but I-225-P indique aux motoneigistes et aux motoquadistes le d\u00e9but d\u2019un sentier de VHR num\u00e9rot\u00e9. Le panonceau I-225-P doit \u00eatre install\u00e9 sous les panneaux I-121 ou I-131.<\/p>\n<\/div>\n","protected":false},"excerpt":{"rendered":"<p>Les panonceaux &laquo;&nbsp;Point cardinal&nbsp;&raquo; (I-200-P) indiquent l\u2019orientation de la route.<\/p>\n","protected":false},"featured_media":68531,"comment_status":"closed","ping_status":"closed","template":"","meta":{"_acf_changed":false},"product_cat":[46],"product_tag":[],"acf":[],"_links":{"self":[{"href":"https:\/\/www.martech.qc.ca\/index\/wp-json\/wp\/v2\/product\/68530"}],"collection":[{"href":"https:\/\/www.martech.qc.ca\/index\/wp-json\/wp\/v2\/product"}],"about":[{"href":"https:\/\/www.martech.qc.ca\/index\/wp-json\/wp\/v2\/types\/product"}],"replies":[{"embeddable":true,"href":"https:\/\/www.martech.qc.ca\/index\/wp-json\/wp\/v2\/comments?post=68530"}],"wp:featuredmedia":[{"embeddable":true,"href":"https:\/\/www.martech.qc.ca\/index\/wp-json\/wp\/v2\/media\/68531"}],"wp:attachment":[{"href":"https:\/\/www.martech.qc.ca\/index\/wp-json\/wp\/v2\/media?parent=68530"}],"wp:term":[{"taxonomy":"product_cat","embeddable":true,"href":"https:\/\/www.martech.qc.ca\/index\/wp-json\/wp\/v2\/product_cat?post=68530"},{"taxonomy":"product_tag","embeddable":true,"href":"https:\/\/www.martech.qc.ca\/index\/wp-json\/wp\/v2\/product_tag?post=68530"}],"curies":[{"name":"wp","href":"https:\/\/api.w.org\/{rel}","templated":true}]}}