{"id":68457,"date":"2016-03-21T19:23:34","date_gmt":"2016-03-21T19:23:34","guid":{"rendered":"http:\/\/www.martech.qc.ca\/index.php\/produit\/i-120-2\/"},"modified":"2016-03-21T20:05:18","modified_gmt":"2016-03-21T20:05:18","slug":"i-120-2","status":"publish","type":"product","link":"https:\/\/www.martech.qc.ca\/index\/produit\/i-120-2\/","title":{"rendered":"I-120-2"},"content":{"rendered":"<div class=\"desc_libelle\">\n<p>Les panneaux \u00abIdentification de route num\u00e9rot\u00e9e\u00bb (I-120) indiquent le num\u00e9ro des routes num\u00e9rot\u00e9es de 100 \u00e0 399. Le panneau I-120-2 figure dans un panneau de supersignalisation dont la hauteur des lettres majuscules est de 340 mm ou plus.<\/p>\n<\/div>\n","protected":false},"excerpt":{"rendered":"<div class=\"desc_libelle\">\n<p>Les panneaux \u00abIdentification de route num\u00e9rot\u00e9e\u00bb (I-120) indiquent le num\u00e9ro des routes num\u00e9rot\u00e9es de 100 \u00e0 399. Le panneau I-120-2 figure dans un panneau de supersignalisation dont la hauteur des lettres majuscules est de 340 mm ou plus.<\/p>\n<\/div>\n","protected":false},"featured_media":68458,"comment_status":"closed","ping_status":"closed","template":"","meta":{"_acf_changed":false},"product_cat":[46],"product_tag":[],"acf":[],"_links":{"self":[{"href":"https:\/\/www.martech.qc.ca\/index\/wp-json\/wp\/v2\/product\/68457"}],"collection":[{"href":"https:\/\/www.martech.qc.ca\/index\/wp-json\/wp\/v2\/product"}],"about":[{"href":"https:\/\/www.martech.qc.ca\/index\/wp-json\/wp\/v2\/types\/product"}],"replies":[{"embeddable":true,"href":"https:\/\/www.martech.qc.ca\/index\/wp-json\/wp\/v2\/comments?post=68457"}],"wp:featuredmedia":[{"embeddable":true,"href":"https:\/\/www.martech.qc.ca\/index\/wp-json\/wp\/v2\/media\/68458"}],"wp:attachment":[{"href":"https:\/\/www.martech.qc.ca\/index\/wp-json\/wp\/v2\/media?parent=68457"}],"wp:term":[{"taxonomy":"product_cat","embeddable":true,"href":"https:\/\/www.martech.qc.ca\/index\/wp-json\/wp\/v2\/product_cat?post=68457"},{"taxonomy":"product_tag","embeddable":true,"href":"https:\/\/www.martech.qc.ca\/index\/wp-json\/wp\/v2\/product_tag?post=68457"}],"curies":[{"name":"wp","href":"https:\/\/api.w.org\/{rel}","templated":true}]}}