{"id":68440,"date":"2016-03-21T18:55:52","date_gmt":"2016-03-21T18:55:52","guid":{"rendered":"http:\/\/www.martech.qc.ca\/index.php\/produit\/t-d-360\/"},"modified":"2016-03-21T18:57:03","modified_gmt":"2016-03-21T18:57:03","slug":"t-d-360","status":"publish","type":"product","link":"https:\/\/www.martech.qc.ca\/index\/produit\/t-d-360\/","title":{"rendered":"T-D-360"},"content":{"rendered":"<div class=\"desc_libelle\">\n<p>Le panneau \u00abChauss\u00e9e cahoteuse\u00bb (T-D-360) indique que la chauss\u00e9e pr\u00e9sente des d\u00e9formations \u00e0 certains endroits.<\/p>\n<\/div>\n","protected":false},"excerpt":{"rendered":"<div class=\"desc_libelle\">\n<p>Le panneau \u00abChauss\u00e9e cahoteuse\u00bb (T-D-360) indique que la chauss\u00e9e pr\u00e9sente des d\u00e9formations \u00e0 certains endroits.<\/p>\n<\/div>\n","protected":false},"featured_media":68441,"comment_status":"closed","ping_status":"closed","template":"","meta":{"_acf_changed":false},"product_cat":[45],"product_tag":[],"acf":[],"_links":{"self":[{"href":"https:\/\/www.martech.qc.ca\/index\/wp-json\/wp\/v2\/product\/68440"}],"collection":[{"href":"https:\/\/www.martech.qc.ca\/index\/wp-json\/wp\/v2\/product"}],"about":[{"href":"https:\/\/www.martech.qc.ca\/index\/wp-json\/wp\/v2\/types\/product"}],"replies":[{"embeddable":true,"href":"https:\/\/www.martech.qc.ca\/index\/wp-json\/wp\/v2\/comments?post=68440"}],"wp:featuredmedia":[{"embeddable":true,"href":"https:\/\/www.martech.qc.ca\/index\/wp-json\/wp\/v2\/media\/68441"}],"wp:attachment":[{"href":"https:\/\/www.martech.qc.ca\/index\/wp-json\/wp\/v2\/media?parent=68440"}],"wp:term":[{"taxonomy":"product_cat","embeddable":true,"href":"https:\/\/www.martech.qc.ca\/index\/wp-json\/wp\/v2\/product_cat?post=68440"},{"taxonomy":"product_tag","embeddable":true,"href":"https:\/\/www.martech.qc.ca\/index\/wp-json\/wp\/v2\/product_tag?post=68440"}],"curies":[{"name":"wp","href":"https:\/\/api.w.org\/{rel}","templated":true}]}}