{"id":68436,"date":"2016-03-21T18:52:22","date_gmt":"2016-03-21T18:52:22","guid":{"rendered":"http:\/\/www.martech.qc.ca\/index.php\/produit\/t-d-340\/"},"modified":"2016-03-21T18:54:19","modified_gmt":"2016-03-21T18:54:19","slug":"t-d-340","status":"publish","type":"product","link":"https:\/\/www.martech.qc.ca\/index\/produit\/t-d-340\/","title":{"rendered":"T-D-340"},"content":{"rendered":"<div class=\"desc_libelle\">\n<p>Le panneau \u00abChangement de l&rsquo;\u00e9tat d&rsquo;une chauss\u00e9e\u00bb (T-D-340) indique l&rsquo;approche d&rsquo;une chauss\u00e9e rainur\u00e9e ou, sur un pont, d&rsquo;un tablier en treillis m\u00e9tallique ou en bois.<\/p>\n<\/div>\n","protected":false},"excerpt":{"rendered":"<div class=\"desc_libelle\">\n<p>Le panneau \u00abChangement de l&rsquo;\u00e9tat d&rsquo;une chauss\u00e9e\u00bb (T-D-340) indique l&rsquo;approche d&rsquo;une chauss\u00e9e rainur\u00e9e ou, sur un pont, d&rsquo;un tablier en treillis m\u00e9tallique ou en bois.<\/p>\n<\/div>\n","protected":false},"featured_media":68437,"comment_status":"closed","ping_status":"closed","template":"","meta":{"_acf_changed":false},"product_cat":[45],"product_tag":[],"acf":[],"_links":{"self":[{"href":"https:\/\/www.martech.qc.ca\/index\/wp-json\/wp\/v2\/product\/68436"}],"collection":[{"href":"https:\/\/www.martech.qc.ca\/index\/wp-json\/wp\/v2\/product"}],"about":[{"href":"https:\/\/www.martech.qc.ca\/index\/wp-json\/wp\/v2\/types\/product"}],"replies":[{"embeddable":true,"href":"https:\/\/www.martech.qc.ca\/index\/wp-json\/wp\/v2\/comments?post=68436"}],"wp:featuredmedia":[{"embeddable":true,"href":"https:\/\/www.martech.qc.ca\/index\/wp-json\/wp\/v2\/media\/68437"}],"wp:attachment":[{"href":"https:\/\/www.martech.qc.ca\/index\/wp-json\/wp\/v2\/media?parent=68436"}],"wp:term":[{"taxonomy":"product_cat","embeddable":true,"href":"https:\/\/www.martech.qc.ca\/index\/wp-json\/wp\/v2\/product_cat?post=68436"},{"taxonomy":"product_tag","embeddable":true,"href":"https:\/\/www.martech.qc.ca\/index\/wp-json\/wp\/v2\/product_tag?post=68436"}],"curies":[{"name":"wp","href":"https:\/\/api.w.org\/{rel}","templated":true}]}}