{"id":68428,"date":"2016-03-21T18:46:20","date_gmt":"2016-03-21T18:46:20","guid":{"rendered":"http:\/\/www.martech.qc.ca\/index.php\/produit\/t-d-270-11-g\/"},"modified":"2016-03-21T18:48:24","modified_gmt":"2016-03-21T18:48:24","slug":"t-d-270-11-g","status":"publish","type":"product","link":"https:\/\/www.martech.qc.ca\/index\/produit\/t-d-270-11-g\/","title":{"rendered":"T-D-270-11-G"},"content":{"rendered":"<div class=\"desc_libelle\">\n<p>Les panneaux \u00abPassage pour camions\u00bb (T-D-270-11) indiquent qu&rsquo;un camion charg\u00e9 peut acc\u00e9der au chemin public en quittant la voie d&rsquo;acc\u00e8s.<\/p>\n<\/div>\n","protected":false},"excerpt":{"rendered":"<div class=\"desc_libelle\">\n<p>Les panneaux \u00abPassage pour camions\u00bb (T-D-270-11) indiquent qu&rsquo;un camion charg\u00e9 peut acc\u00e9der au chemin public en quittant la voie d&rsquo;acc\u00e8s.<\/p>\n<\/div>\n","protected":false},"featured_media":68429,"comment_status":"closed","ping_status":"closed","template":"","meta":{"_acf_changed":false},"product_cat":[45],"product_tag":[],"acf":[],"_links":{"self":[{"href":"https:\/\/www.martech.qc.ca\/index\/wp-json\/wp\/v2\/product\/68428"}],"collection":[{"href":"https:\/\/www.martech.qc.ca\/index\/wp-json\/wp\/v2\/product"}],"about":[{"href":"https:\/\/www.martech.qc.ca\/index\/wp-json\/wp\/v2\/types\/product"}],"replies":[{"embeddable":true,"href":"https:\/\/www.martech.qc.ca\/index\/wp-json\/wp\/v2\/comments?post=68428"}],"wp:featuredmedia":[{"embeddable":true,"href":"https:\/\/www.martech.qc.ca\/index\/wp-json\/wp\/v2\/media\/68429"}],"wp:attachment":[{"href":"https:\/\/www.martech.qc.ca\/index\/wp-json\/wp\/v2\/media?parent=68428"}],"wp:term":[{"taxonomy":"product_cat","embeddable":true,"href":"https:\/\/www.martech.qc.ca\/index\/wp-json\/wp\/v2\/product_cat?post=68428"},{"taxonomy":"product_tag","embeddable":true,"href":"https:\/\/www.martech.qc.ca\/index\/wp-json\/wp\/v2\/product_tag?post=68428"}],"curies":[{"name":"wp","href":"https:\/\/api.w.org\/{rel}","templated":true}]}}